{"id":930,"date":"2018-08-30T10:41:53","date_gmt":"2018-08-30T13:41:53","guid":{"rendered":"http:\/\/planmur.com.br\/?page_id=930"},"modified":"2018-08-30T10:56:57","modified_gmt":"2018-08-30T13:56:57","slug":"eivs2017","status":"publish","type":"page","link":"https:\/\/planmur.com.br\/?page_id=930","title":{"rendered":"EIVS2017"},"content":{"rendered":"<div id=\"pl-930\"  class=\"panel-layout\" ><div id=\"pg-930-0\"  class=\"panel-grid panel-no-style\" ><div id=\"pgc-930-0-0\"  class=\"panel-grid-cell panel-grid-cell-empty\" ><\/div><div id=\"pgc-930-0-1\"  class=\"panel-grid-cell panel-grid-cell-mobile-last\" ><div id=\"panel-930-0-1-0\" class=\"so-panel widget widget_black-studio-tinymce widget_black_studio_tinymce panel-first-child panel-last-child\" data-index=\"0\" ><div class=\"textwidget\"><p><img loading=\"lazy\" decoding=\"async\" class=\"alignnone size-full wp-image-934\" src=\"http:\/\/planmur.com.br\/wp-content\/uploads\/2018\/08\/TIT_EIVS_2017.jpg\" alt=\"\" width=\"971\" height=\"38\" srcset=\"https:\/\/planmur.com.br\/wp-content\/uploads\/2018\/08\/TIT_EIVS_2017.jpg 971w, https:\/\/planmur.com.br\/wp-content\/uploads\/2018\/08\/TIT_EIVS_2017-300x12.jpg 300w, https:\/\/planmur.com.br\/wp-content\/uploads\/2018\/08\/TIT_EIVS_2017-768x30.jpg 768w\" sizes=\"auto, (max-width: 971px) 100vw, 971px\" \/><br \/>\n<span style=\"font-family: helvetica, arial, sans-serif;\"><strong>001 EIV Conjuntos Residenciais em Mogi das Cruzes \u2013 SP<br \/>\n<\/strong><\/span><\/p>\n<p><div id='gallery-1' class='gallery galleryid-930 gallery-columns-2 gallery-size-medium'><figure class='gallery-item'>\n\t\t\t<div class='gallery-icon landscape'>\n\t\t\t\t<a href='https:\/\/planmur.com.br\/wp-content\/uploads\/2018\/08\/EIVS_14.jpg' title=\"\" data-rl_title=\"\" class=\"rl-gallery-link\" data-rl_caption=\"\" data-rel=\"lightbox-gallery-1\"><img loading=\"lazy\" decoding=\"async\" width=\"300\" height=\"208\" src=\"https:\/\/planmur.com.br\/wp-content\/uploads\/2018\/08\/EIVS_14-300x208.jpg\" class=\"attachment-medium size-medium\" alt=\"\" srcset=\"https:\/\/planmur.com.br\/wp-content\/uploads\/2018\/08\/EIVS_14-300x208.jpg 300w, https:\/\/planmur.com.br\/wp-content\/uploads\/2018\/08\/EIVS_14.jpg 650w\" sizes=\"auto, (max-width: 300px) 100vw, 300px\" \/><\/a>\n\t\t\t<\/div><\/figure><figure class='gallery-item'>\n\t\t\t<div class='gallery-icon landscape'>\n\t\t\t\t<a href='https:\/\/planmur.com.br\/wp-content\/uploads\/2018\/08\/EIVS_15.jpg' title=\"\" data-rl_title=\"\" class=\"rl-gallery-link\" data-rl_caption=\"\" data-rel=\"lightbox-gallery-1\"><img loading=\"lazy\" decoding=\"async\" width=\"300\" height=\"208\" src=\"https:\/\/planmur.com.br\/wp-content\/uploads\/2018\/08\/EIVS_15-300x208.jpg\" class=\"attachment-medium size-medium\" alt=\"\" srcset=\"https:\/\/planmur.com.br\/wp-content\/uploads\/2018\/08\/EIVS_15-300x208.jpg 300w, https:\/\/planmur.com.br\/wp-content\/uploads\/2018\/08\/EIVS_15.jpg 650w\" sizes=\"auto, (max-width: 300px) 100vw, 300px\" \/><\/a>\n\t\t\t<\/div><\/figure>\n\t\t<\/div>\n<\/p>\n<p style=\"text-align: justify;\"><span style=\"font-family: helvetica, arial, sans-serif; font-size: 14px;\"><strong>Descri\u00e7\u00e3o:<\/strong> Elabora\u00e7\u00e3o de um Estudo de Impacto de Vizinhan\u00e7a para aprova\u00e7\u00e3o de sete conjuntos residenciais em Mogi das Cruzes\/ SP.<br \/>\n<\/span><\/p>\n<p><span style=\"font-family: helvetica, arial, sans-serif; font-size: 14px;\"><strong>Localiza\u00e7\u00e3o:\u00a0<\/strong>Rua Adolfo Lutz, Mogi das Cruzes \u2013 SP<\/span><\/p>\n<p><span style=\"font-family: helvetica, arial, sans-serif; font-size: 14px;\"><strong>Contratante: <\/strong>MRV Engenharia e Participa\u00e7\u00f5es S.A.<br \/>\n<\/span><\/p>\n<p><span style=\"font-family: helvetica, arial, sans-serif; font-size: 14px;\"><strong>Elabora\u00e7\u00e3o:<\/strong> Junho\/2017<br \/>\n<\/span><\/p>\n<p><span style=\"font-family: helvetica, arial, sans-serif; font-size: 14px;\"><strong>Aprova\u00e7\u00e3o:<\/strong> Julho\/2017<br \/>\n<\/span><\/p>\n<p><span style=\"font-family: helvetica, arial, sans-serif; font-size: 14px;\"><strong>C\u00f3d Planmur:<\/strong> 2017-110<\/span><\/p>\n<p>&nbsp;<\/p>\n<p><span style=\"font-family: helvetica, arial, sans-serif;\"><strong>002 EIV Conjuntos Habitacionais em Suzano - SP<br \/>\n<\/strong><\/span><\/p>\n<p style=\"text-align: justify;\"><span style=\"font-family: helvetica, arial, sans-serif; font-size: 14px;\"><strong>Descri\u00e7\u00e3o:<\/strong> Elaborar Estudo de Impacto de Vizinhan\u00e7a (EIV) e Relat\u00f3rio de Impacto de Tr\u00e2nsito (RIT) para dois empreendimentos residenciais localizados em Suzano\/SP.<br \/>\n<\/span><\/p>\n<p><span style=\"font-family: helvetica, arial, sans-serif; font-size: 14px;\"><strong>Localiza\u00e7\u00e3o:\u00a0<\/strong>Estrada Santa M\u00f4nica, Suzano \u2013 SP <\/span><\/p>\n<p><span style=\"font-family: helvetica, arial, sans-serif; font-size: 14px;\"><strong>Contratante: <\/strong>MRV Engenharia e Participa\u00e7\u00f5es S.A.<br \/>\n<\/span><\/p>\n<p><span style=\"font-family: helvetica, arial, sans-serif; font-size: 14px;\"><strong>Elabora\u00e7\u00e3o:<\/strong> JUnho\/2017<br \/>\n<\/span><\/p>\n<p><span style=\"font-family: helvetica, arial, sans-serif; font-size: 14px;\"><strong>Aprova\u00e7\u00e3o:<\/strong> Agosto\/2017<br \/>\n<\/span><\/p>\n<p><span style=\"font-family: helvetica, arial, sans-serif; font-size: 14px;\"><strong>C\u00f3d Planmur:<\/strong> 2017-113<br \/>\n<\/span><\/p>\n<p>&nbsp;<\/p>\n<p><span style=\"font-family: helvetica, arial, sans-serif;\"><strong>003 EIV Empreendimentos Residenciais em Santana de Parna\u00edba \u2013 SP<br \/>\n<\/strong><\/span><\/p>\n<p><div id='gallery-2' class='gallery galleryid-930 gallery-columns-2 gallery-size-medium'><figure class='gallery-item'>\n\t\t\t<div class='gallery-icon landscape'>\n\t\t\t\t<a href='https:\/\/planmur.com.br\/wp-content\/uploads\/2018\/08\/EIVS_16.jpg' title=\"\" data-rl_title=\"\" class=\"rl-gallery-link\" data-rl_caption=\"\" data-rel=\"lightbox-gallery-2\"><img loading=\"lazy\" decoding=\"async\" width=\"300\" height=\"208\" src=\"https:\/\/planmur.com.br\/wp-content\/uploads\/2018\/08\/EIVS_16-300x208.jpg\" class=\"attachment-medium size-medium\" alt=\"\" srcset=\"https:\/\/planmur.com.br\/wp-content\/uploads\/2018\/08\/EIVS_16-300x208.jpg 300w, https:\/\/planmur.com.br\/wp-content\/uploads\/2018\/08\/EIVS_16.jpg 650w\" sizes=\"auto, (max-width: 300px) 100vw, 300px\" \/><\/a>\n\t\t\t<\/div><\/figure><figure class='gallery-item'>\n\t\t\t<div class='gallery-icon landscape'>\n\t\t\t\t<a href='https:\/\/planmur.com.br\/wp-content\/uploads\/2018\/08\/EIVS_17.jpg' title=\"\" data-rl_title=\"\" class=\"rl-gallery-link\" data-rl_caption=\"\" data-rel=\"lightbox-gallery-2\"><img loading=\"lazy\" decoding=\"async\" width=\"300\" height=\"208\" src=\"https:\/\/planmur.com.br\/wp-content\/uploads\/2018\/08\/EIVS_17-300x208.jpg\" class=\"attachment-medium size-medium\" alt=\"\" srcset=\"https:\/\/planmur.com.br\/wp-content\/uploads\/2018\/08\/EIVS_17-300x208.jpg 300w, https:\/\/planmur.com.br\/wp-content\/uploads\/2018\/08\/EIVS_17.jpg 650w\" sizes=\"auto, (max-width: 300px) 100vw, 300px\" \/><\/a>\n\t\t\t<\/div><\/figure>\n\t\t<\/div>\n<\/p>\n<p style=\"text-align: justify;\"><span style=\"font-family: helvetica, arial, sans-serif; font-size: 14px;\"><strong>Descri\u00e7\u00e3o:<\/strong> Elabora\u00e7\u00e3o de um Estudo de Impacto de Vizinhan\u00e7a (EIV) para aprova\u00e7\u00e3o de dois empreendimentos residenciais em Santana de Parna\u00edba.<br \/>\n<\/span><\/p>\n<p><span style=\"font-family: helvetica, arial, sans-serif; font-size: 14px;\"><strong>Localiza\u00e7\u00e3o:\u00a0<\/strong>Rua Vereda Tropical, Santana de Parna\u00edba \u2013 SP<\/span><\/p>\n<p><span style=\"font-family: helvetica, arial, sans-serif; font-size: 14px;\"><strong>Contratante: <\/strong>MRV Engenharia e Participa\u00e7\u00f5es S.A.<br \/>\n<\/span><\/p>\n<p><span style=\"font-family: helvetica, arial, sans-serif; font-size: 14px;\"><strong>Elabora\u00e7\u00e3o:<\/strong> Outubro\/2017<br \/>\n<\/span><\/p>\n<p><span style=\"font-family: helvetica, arial, sans-serif; font-size: 14px;\"><strong>Aprova\u00e7\u00e3o:<\/strong> Dezembro\/2017<br \/>\n<\/span><\/p>\n<p><span style=\"font-family: helvetica, arial, sans-serif; font-size: 14px;\"><strong>C\u00f3d Planmur:<\/strong> 2017-123<br \/>\n<\/span><\/p>\n<\/div><\/div><\/div><div id=\"pgc-930-0-2\"  class=\"panel-grid-cell panel-grid-cell-empty\" ><\/div><\/div><\/div>","protected":false},"excerpt":{"rendered":"<p>001 EIV Conjuntos Residenciais em Mogi das Cruzes \u2013 SP Descri\u00e7\u00e3o: Elabora\u00e7\u00e3o de um Estudo de Impacto de Vizinhan\u00e7a para aprova\u00e7\u00e3o de sete conjuntos residenciais em Mogi das Cruzes\/ SP. Localiza\u00e7\u00e3o:\u00a0Rua Adolfo Lutz, Mogi das Cruzes \u2013 SP Contratante: MRV<\/p>\n","protected":false},"author":1,"featured_media":0,"parent":0,"menu_order":356,"comment_status":"closed","ping_status":"closed","template":"","meta":{"footnotes":""},"class_list":["post-930","page","type-page","status-publish","hentry"],"_links":{"self":[{"href":"https:\/\/planmur.com.br\/index.php?rest_route=\/wp\/v2\/pages\/930","targetHints":{"allow":["GET"]}}],"collection":[{"href":"https:\/\/planmur.com.br\/index.php?rest_route=\/wp\/v2\/pages"}],"about":[{"href":"https:\/\/planmur.com.br\/index.php?rest_route=\/wp\/v2\/types\/page"}],"author":[{"embeddable":true,"href":"https:\/\/planmur.com.br\/index.php?rest_route=\/wp\/v2\/users\/1"}],"replies":[{"embeddable":true,"href":"https:\/\/planmur.com.br\/index.php?rest_route=%2Fwp%2Fv2%2Fcomments&post=930"}],"version-history":[{"count":8,"href":"https:\/\/planmur.com.br\/index.php?rest_route=\/wp\/v2\/pages\/930\/revisions"}],"predecessor-version":[{"id":944,"href":"https:\/\/planmur.com.br\/index.php?rest_route=\/wp\/v2\/pages\/930\/revisions\/944"}],"wp:attachment":[{"href":"https:\/\/planmur.com.br\/index.php?rest_route=%2Fwp%2Fv2%2Fmedia&parent=930"}],"curies":[{"name":"wp","href":"https:\/\/api.w.org\/{rel}","templated":true}]}}