{"id":880,"date":"2018-08-30T09:16:19","date_gmt":"2018-08-30T12:16:19","guid":{"rendered":"http:\/\/planmur.com.br\/?page_id=880"},"modified":"2018-08-30T09:46:34","modified_gmt":"2018-08-30T12:46:34","slug":"eivs2013-2","status":"publish","type":"page","link":"https:\/\/planmur.com.br\/?page_id=880","title":{"rendered":"EIVS2014"},"content":{"rendered":"<div id=\"pl-880\"  class=\"panel-layout\" ><div id=\"pg-880-0\"  class=\"panel-grid panel-no-style\" ><div id=\"pgc-880-0-0\"  class=\"panel-grid-cell panel-grid-cell-empty\" ><\/div><div id=\"pgc-880-0-1\"  class=\"panel-grid-cell panel-grid-cell-mobile-last\" ><div id=\"panel-880-0-1-0\" class=\"so-panel widget widget_black-studio-tinymce widget_black_studio_tinymce panel-first-child panel-last-child\" data-index=\"0\" ><div class=\"textwidget\"><p><img loading=\"lazy\" decoding=\"async\" class=\"alignnone size-full wp-image-883\" src=\"http:\/\/planmur.com.br\/wp-content\/uploads\/2018\/08\/TIT_EIVS_2014.jpg\" alt=\"\" width=\"971\" height=\"38\" srcset=\"https:\/\/planmur.com.br\/wp-content\/uploads\/2018\/08\/TIT_EIVS_2014.jpg 971w, https:\/\/planmur.com.br\/wp-content\/uploads\/2018\/08\/TIT_EIVS_2014-300x12.jpg 300w, https:\/\/planmur.com.br\/wp-content\/uploads\/2018\/08\/TIT_EIVS_2014-768x30.jpg 768w\" sizes=\"auto, (max-width: 971px) 100vw, 971px\" \/><br \/>\n<span style=\"font-family: helvetica, arial, sans-serif;\"><strong>001 EIV Residencial em Campo Limpo Paulista \u2013 SP<br \/>\n<\/strong><\/span><\/p>\n<p><div id='gallery-1' class='gallery galleryid-880 gallery-columns-2 gallery-size-medium'><figure class='gallery-item'>\n\t\t\t<div class='gallery-icon landscape'>\n\t\t\t\t<a href='https:\/\/planmur.com.br\/wp-content\/uploads\/2018\/08\/EIVS_07.jpg' title=\"\" data-rl_title=\"\" class=\"rl-gallery-link\" data-rl_caption=\"\" data-rel=\"lightbox-gallery-1\"><img loading=\"lazy\" decoding=\"async\" width=\"300\" height=\"188\" src=\"https:\/\/planmur.com.br\/wp-content\/uploads\/2018\/08\/EIVS_07-300x188.jpg\" class=\"attachment-medium size-medium\" alt=\"\" srcset=\"https:\/\/planmur.com.br\/wp-content\/uploads\/2018\/08\/EIVS_07-300x188.jpg 300w, https:\/\/planmur.com.br\/wp-content\/uploads\/2018\/08\/EIVS_07.jpg 650w\" sizes=\"auto, (max-width: 300px) 100vw, 300px\" \/><\/a>\n\t\t\t<\/div><\/figure><figure class='gallery-item'>\n\t\t\t<div class='gallery-icon landscape'>\n\t\t\t\t<a href='https:\/\/planmur.com.br\/wp-content\/uploads\/2018\/08\/EIVS_06.jpg' title=\"\" data-rl_title=\"\" class=\"rl-gallery-link\" data-rl_caption=\"\" data-rel=\"lightbox-gallery-1\"><img loading=\"lazy\" decoding=\"async\" width=\"300\" height=\"188\" src=\"https:\/\/planmur.com.br\/wp-content\/uploads\/2018\/08\/EIVS_06-300x188.jpg\" class=\"attachment-medium size-medium\" alt=\"\" srcset=\"https:\/\/planmur.com.br\/wp-content\/uploads\/2018\/08\/EIVS_06-300x188.jpg 300w, https:\/\/planmur.com.br\/wp-content\/uploads\/2018\/08\/EIVS_06.jpg 650w\" sizes=\"auto, (max-width: 300px) 100vw, 300px\" \/><\/a>\n\t\t\t<\/div><\/figure>\n\t\t<\/div>\n<\/p>\n<p style=\"text-align: justify;\"><span style=\"font-family: helvetica, arial, sans-serif; font-size: 14px;\"><strong>Descri\u00e7\u00e3o:<\/strong> Elabora\u00e7\u00e3o de um Relat\u00f3rio Pr\u00e9vio de Analise de Impacto e Incomodo de Vizinhan\u00e7a (REPAIIV) para aprova\u00e7\u00e3o de um Empreendimento residencial, com 224 unidades habitacionais (u.h.), localizado em Campo Limpo Paulista\/SP.<br \/>\n<\/span><\/p>\n<p><span style=\"font-family: helvetica, arial, sans-serif; font-size: 14px;\"><strong>Localiza\u00e7\u00e3o:\u00a0<\/strong>R. Orestes Barbosa, Vila Ol\u00edmpia, Campo Limpo Paulista \u2013 SP <\/span><\/p>\n<p><span style=\"font-family: helvetica, arial, sans-serif; font-size: 14px;\"><strong>Contratante: <\/strong>MRV ENGENHARIA E PARTICIPA\u00c7\u00d5ES S\/A<br \/>\n<\/span><\/p>\n<p><span style=\"font-family: helvetica, arial, sans-serif; font-size: 14px;\"><strong>Elabora\u00e7\u00e3o:<\/strong> Setembro\/2014<br \/>\n<\/span><\/p>\n<p><span style=\"font-family: helvetica, arial, sans-serif; font-size: 14px;\"><strong>Aprova\u00e7\u00e3o:<\/strong> Dezembro\/2014<br \/>\n<\/span><\/p>\n<p><span style=\"font-family: helvetica, arial, sans-serif; font-size: 14px;\"><strong>RRT :<\/strong> 0000003064781<br \/>\n<\/span><\/p>\n<p><span style=\"font-family: helvetica, arial, sans-serif; font-size: 14px;\"><strong>C\u00f3d Planmur:<\/strong> 2014-162<br \/>\n<\/span><\/p>\n<p>&nbsp;<\/p>\n<p><span style=\"font-family: helvetica, arial, sans-serif;\"><strong>002 EIV Shopping em Itapevi \u2013 SP<br \/>\n<\/strong><\/span><\/p>\n<p style=\"text-align: justify;\"><span style=\"font-family: helvetica, arial, sans-serif; font-size: 14px;\"><strong>Descri\u00e7\u00e3o:<\/strong> Elabora\u00e7\u00e3o de um Estudo de Impacto de Vizinhan\u00e7a de um Shopping Center localizado, em Itapevi-SP com uma \u00c1rea Bruta Loc\u00e1vel de 41.321,00 m2.<br \/>\n<\/span><\/p>\n<p><span style=\"font-family: helvetica, arial, sans-serif; font-size: 14px;\"><strong>Localiza\u00e7\u00e3o:\u00a0<\/strong>Rod. Engenheiro Ren\u00ea Benedito da Silva, Itapevi \u2013 SP <\/span><\/p>\n<p><span style=\"font-family: helvetica, arial, sans-serif; font-size: 14px;\"><strong>Contratante: <\/strong>Itapevi Mall Administradora de Shopping Center SPE Ltda<br \/>\n<\/span><\/p>\n<p><span style=\"font-family: helvetica, arial, sans-serif; font-size: 14px;\"><strong>Elabora\u00e7\u00e3o:<\/strong> Novembro\/2014<br \/>\n<\/span><\/p>\n<p><span style=\"font-family: helvetica, arial, sans-serif; font-size: 14px;\"><strong>Aprova\u00e7\u00e3o:<\/strong> Fevereiro\/2015<br \/>\n<\/span><\/p>\n<p><span style=\"font-family: helvetica, arial, sans-serif; font-size: 14px;\"><strong>RRT :<\/strong> 0000003148695<br \/>\n<\/span><\/p>\n<p><span style=\"font-family: helvetica, arial, sans-serif; font-size: 14px;\"><strong>C\u00f3d Planmur:<\/strong> 2014-171<br \/>\n<\/span><\/p>\n<\/div><\/div><\/div><div id=\"pgc-880-0-2\"  class=\"panel-grid-cell panel-grid-cell-empty\" ><\/div><\/div><\/div>","protected":false},"excerpt":{"rendered":"<p>001 EIV Residencial em Campo Limpo Paulista \u2013 SP Descri\u00e7\u00e3o: Elabora\u00e7\u00e3o de um Relat\u00f3rio Pr\u00e9vio de Analise de Impacto e Incomodo de Vizinhan\u00e7a (REPAIIV) para aprova\u00e7\u00e3o de um Empreendimento residencial, com 224 unidades habitacionais (u.h.), localizado em Campo Limpo Paulista\/SP.<\/p>\n","protected":false},"author":1,"featured_media":0,"parent":0,"menu_order":452,"comment_status":"closed","ping_status":"closed","template":"","meta":{"footnotes":""},"class_list":["post-880","page","type-page","status-publish","hentry"],"_links":{"self":[{"href":"https:\/\/planmur.com.br\/index.php?rest_route=\/wp\/v2\/pages\/880","targetHints":{"allow":["GET"]}}],"collection":[{"href":"https:\/\/planmur.com.br\/index.php?rest_route=\/wp\/v2\/pages"}],"about":[{"href":"https:\/\/planmur.com.br\/index.php?rest_route=\/wp\/v2\/types\/page"}],"author":[{"embeddable":true,"href":"https:\/\/planmur.com.br\/index.php?rest_route=\/wp\/v2\/users\/1"}],"replies":[{"embeddable":true,"href":"https:\/\/planmur.com.br\/index.php?rest_route=%2Fwp%2Fv2%2Fcomments&post=880"}],"version-history":[{"count":10,"href":"https:\/\/planmur.com.br\/index.php?rest_route=\/wp\/v2\/pages\/880\/revisions"}],"predecessor-version":[{"id":898,"href":"https:\/\/planmur.com.br\/index.php?rest_route=\/wp\/v2\/pages\/880\/revisions\/898"}],"wp:attachment":[{"href":"https:\/\/planmur.com.br\/index.php?rest_route=%2Fwp%2Fv2%2Fmedia&parent=880"}],"curies":[{"name":"wp","href":"https:\/\/api.w.org\/{rel}","templated":true}]}}