{"id":87,"date":"2018-04-25T18:57:49","date_gmt":"2018-04-25T21:57:49","guid":{"rendered":"http:\/\/planmur.com.br\/?page_id=87"},"modified":"2018-08-30T10:42:25","modified_gmt":"2018-08-30T13:42:25","slug":"eivs","status":"publish","type":"page","link":"https:\/\/planmur.com.br\/?page_id=87","title":{"rendered":"EIVs"},"content":{"rendered":"<div id=\"pl-87\"  class=\"panel-layout\" ><div id=\"pg-87-0\"  class=\"panel-grid panel-no-style\" ><div id=\"pgc-87-0-0\"  class=\"panel-grid-cell panel-grid-cell-empty\" ><\/div><div id=\"pgc-87-0-1\"  class=\"panel-grid-cell panel-grid-cell-mobile-last\" ><div id=\"panel-87-0-1-0\" class=\"so-panel widget widget_black-studio-tinymce widget_black_studio_tinymce panel-first-child panel-last-child\" data-index=\"0\" ><div class=\"textwidget\"><p>&nbsp;<\/p>\n<p><img loading=\"lazy\" decoding=\"async\" class=\"alignnone size-full wp-image-282\" src=\"http:\/\/planmur.com.br\/wp-content\/uploads\/2018\/04\/TIT_EIVs.jpg\" alt=\"\" width=\"971\" height=\"38\" srcset=\"https:\/\/planmur.com.br\/wp-content\/uploads\/2018\/04\/TIT_EIVs.jpg 971w, https:\/\/planmur.com.br\/wp-content\/uploads\/2018\/04\/TIT_EIVs-300x12.jpg 300w, https:\/\/planmur.com.br\/wp-content\/uploads\/2018\/04\/TIT_EIVs-768x30.jpg 768w\" sizes=\"auto, (max-width: 971px) 100vw, 971px\" \/><\/p>\n<p style=\"text-align: justify;\"><span style=\"font-family: helvetica, arial, sans-serif;\">Em acordo com artigos 36 e 37 do Estatuto da cidade (Lei Federal n\u00b0 10.257\/2001) a <strong>Planmur<\/strong> elabora e aprova EIVs em v\u00e1rias cidades brasileiras, contemplando as exig\u00eancias impostas pelas legisla\u00e7\u00f5es federal e, quando pertinente, municipais.<\/span><\/p>\n<p><a href=\"http:\/\/planmur.com.br\/?page_id=673\" target=\"_blank\" rel=\"noopener\"><span style=\"font-family: helvetica, arial, sans-serif;\">EIVS - Ano: 2012<\/span><\/a><br \/>\n<a href=\"http:\/\/planmur.com.br\/?page_id=854\" target=\"_blank\" rel=\"noopener\"><span style=\"font-family: helvetica, arial, sans-serif;\">EIVS - Ano: 2013<\/span><\/a><br \/>\n<a href=\"http:\/\/planmur.com.br\/?page_id=880\" target=\"_blank\" rel=\"noopener\"><span style=\"font-family: helvetica, arial, sans-serif;\">EIVS - Ano: 2014<\/span><\/a><br \/>\n<a href=\"http:\/\/planmur.com.br\/?page_id=899\" target=\"_blank\" rel=\"noopener\"><span style=\"font-family: helvetica, arial, sans-serif;\">EIVS - Ano: 2015<\/span><\/a><br \/>\n<a href=\"http:\/\/planmur.com.br\/?page_id=916\" target=\"_blank\" rel=\"noopener\"><span style=\"font-family: helvetica, arial, sans-serif;\">EIVS - Ano: 2016<\/span><\/a><br \/>\n<a href=\"http:\/\/planmur.com.br\/?page_id=930\" target=\"_blank\" rel=\"noopener\"><span style=\"font-family: helvetica, arial, sans-serif;\">EIVS - Ano: 2017<\/span><\/a><\/p>\n<\/div><\/div><\/div><div id=\"pgc-87-0-2\"  class=\"panel-grid-cell panel-grid-cell-empty\" ><\/div><\/div><\/div>","protected":false},"excerpt":{"rendered":"<p>&nbsp; Em acordo com artigos 36 e 37 do Estatuto da cidade (Lei Federal n\u00b0 10.257\/2001) a Planmur elabora e aprova EIVs em v\u00e1rias cidades brasileiras, contemplando as exig\u00eancias impostas pelas legisla\u00e7\u00f5es federal e, quando pertinente, municipais. EIVS &#8211; Ano:<\/p>\n","protected":false},"author":1,"featured_media":0,"parent":0,"menu_order":80,"comment_status":"closed","ping_status":"closed","template":"","meta":{"footnotes":""},"class_list":["post-87","page","type-page","status-publish","hentry"],"_links":{"self":[{"href":"https:\/\/planmur.com.br\/index.php?rest_route=\/wp\/v2\/pages\/87","targetHints":{"allow":["GET"]}}],"collection":[{"href":"https:\/\/planmur.com.br\/index.php?rest_route=\/wp\/v2\/pages"}],"about":[{"href":"https:\/\/planmur.com.br\/index.php?rest_route=\/wp\/v2\/types\/page"}],"author":[{"embeddable":true,"href":"https:\/\/planmur.com.br\/index.php?rest_route=\/wp\/v2\/users\/1"}],"replies":[{"embeddable":true,"href":"https:\/\/planmur.com.br\/index.php?rest_route=%2Fwp%2Fv2%2Fcomments&post=87"}],"version-history":[{"count":27,"href":"https:\/\/planmur.com.br\/index.php?rest_route=\/wp\/v2\/pages\/87\/revisions"}],"predecessor-version":[{"id":932,"href":"https:\/\/planmur.com.br\/index.php?rest_route=\/wp\/v2\/pages\/87\/revisions\/932"}],"wp:attachment":[{"href":"https:\/\/planmur.com.br\/index.php?rest_route=%2Fwp%2Fv2%2Fmedia&parent=87"}],"curies":[{"name":"wp","href":"https:\/\/api.w.org\/{rel}","templated":true}]}}