{"id":85,"date":"2018-04-25T18:57:20","date_gmt":"2018-04-25T21:57:20","guid":{"rendered":"http:\/\/planmur.com.br\/?page_id=85"},"modified":"2018-08-24T11:32:22","modified_gmt":"2018-08-24T14:32:22","slug":"rits","status":"publish","type":"page","link":"https:\/\/planmur.com.br\/?page_id=85","title":{"rendered":"RITs"},"content":{"rendered":"<div id=\"pl-85\"  class=\"panel-layout\" ><div id=\"pg-85-0\"  class=\"panel-grid panel-no-style\" ><div id=\"pgc-85-0-0\"  class=\"panel-grid-cell panel-grid-cell-empty\" ><\/div><div id=\"pgc-85-0-1\"  class=\"panel-grid-cell panel-grid-cell-mobile-last\" ><div id=\"panel-85-0-1-0\" class=\"so-panel widget widget_black-studio-tinymce widget_black_studio_tinymce panel-first-child panel-last-child\" data-index=\"0\" ><div class=\"textwidget\"><p>&nbsp;<\/p>\n<p><img loading=\"lazy\" decoding=\"async\" class=\"alignnone size-full wp-image-277\" src=\"http:\/\/planmur.com.br\/wp-content\/uploads\/2018\/04\/TIT_RITs.jpg\" alt=\"\" width=\"971\" height=\"38\" srcset=\"https:\/\/planmur.com.br\/wp-content\/uploads\/2018\/04\/TIT_RITs.jpg 971w, https:\/\/planmur.com.br\/wp-content\/uploads\/2018\/04\/TIT_RITs-300x12.jpg 300w, https:\/\/planmur.com.br\/wp-content\/uploads\/2018\/04\/TIT_RITs-768x30.jpg 768w\" sizes=\"auto, (max-width: 971px) 100vw, 971px\" \/><\/p>\n<p style=\"text-align: justify;\"><span style=\"font-family: helvetica, arial, sans-serif;\">Seguindo a orienta\u00e7\u00e3o do C\u00f3digo de Tr\u00e2nsito Brasileiro (Lei Federal n\u00b0 9.503\/1997) e, em especial, ao que tange ao artigo 93 dessa lei, a <strong>Planmur<\/strong> apresenta uma vasta experi\u00eancia na produ\u00e7\u00e3o e aprova\u00e7\u00e3o de RITs em v\u00e1rias cidades brasileiras, dimensionando e vislumbrando os impactos na mobilidade causados por empreendimentos de variados usos e propondo mitiga\u00e7\u00f5es para os mesmos.<\/span><\/p>\n<p><span style=\"font-family: helvetica, arial, sans-serif;\">Clique nos links abaixo para visualizar os RITs por ano.<br \/>\n<\/span><\/p>\n<p><a href=\"http:\/\/planmur.com.br\/?page_id=483\" target=\"_blank\" rel=\"noopener\"><span style=\"font-family: helvetica, arial, sans-serif;\">RITs - Ano: 2011<\/span><\/a><br \/>\n<a href=\"http:\/\/planmur.com.br\/?page_id=534\" target=\"_blank\" rel=\"noopener\"><span style=\"font-family: helvetica, arial, sans-serif;\">RITs - Ano: 2012<\/span><\/a><br \/>\n<a href=\"http:\/\/planmur.com.br\/?page_id=741\" target=\"_blank\" rel=\"noopener\"><span style=\"font-family: helvetica, arial, sans-serif;\">RITs - Ano: 2013<\/span><\/a><br \/>\n<a href=\"http:\/\/planmur.com.br\/?page_id=785\" target=\"_blank\" rel=\"noopener\"><span style=\"font-family: helvetica, arial, sans-serif;\">RITs - Ano: 2014<\/span><\/a><br \/>\n<a href=\"http:\/\/planmur.com.br\/?page_id=813\" target=\"_blank\" rel=\"noopener\"><span style=\"font-family: helvetica, arial, sans-serif;\">RITs - Ano: 2015<\/span><\/a><br \/>\n<a href=\"http:\/\/planmur.com.br\/?page_id=827\" target=\"_blank\" rel=\"noopener\"><span style=\"font-family: helvetica, arial, sans-serif;\">RITs - Ano: 2016<\/span><\/a><br \/>\n<a href=\"http:\/\/planmur.com.br\/?page_id=844\" target=\"_blank\" rel=\"noopener\"><span style=\"font-family: helvetica, arial, sans-serif;\">RITs - Ano: 2017<\/span><\/a><\/p>\n<\/div><\/div><\/div><div id=\"pgc-85-0-2\"  class=\"panel-grid-cell panel-grid-cell-empty\" ><\/div><\/div><\/div>","protected":false},"excerpt":{"rendered":"<p>&nbsp; Seguindo a orienta\u00e7\u00e3o do C\u00f3digo de Tr\u00e2nsito Brasileiro (Lei Federal n\u00b0 9.503\/1997) e, em especial, ao que tange ao artigo 93 dessa lei, a Planmur apresenta uma vasta experi\u00eancia na produ\u00e7\u00e3o e aprova\u00e7\u00e3o de RITs em v\u00e1rias cidades brasileiras,<\/p>\n","protected":false},"author":1,"featured_media":0,"parent":0,"menu_order":80,"comment_status":"closed","ping_status":"closed","template":"","meta":{"footnotes":""},"class_list":["post-85","page","type-page","status-publish","hentry"],"_links":{"self":[{"href":"https:\/\/planmur.com.br\/index.php?rest_route=\/wp\/v2\/pages\/85","targetHints":{"allow":["GET"]}}],"collection":[{"href":"https:\/\/planmur.com.br\/index.php?rest_route=\/wp\/v2\/pages"}],"about":[{"href":"https:\/\/planmur.com.br\/index.php?rest_route=\/wp\/v2\/types\/page"}],"author":[{"embeddable":true,"href":"https:\/\/planmur.com.br\/index.php?rest_route=\/wp\/v2\/users\/1"}],"replies":[{"embeddable":true,"href":"https:\/\/planmur.com.br\/index.php?rest_route=%2Fwp%2Fv2%2Fcomments&post=85"}],"version-history":[{"count":23,"href":"https:\/\/planmur.com.br\/index.php?rest_route=\/wp\/v2\/pages\/85\/revisions"}],"predecessor-version":[{"id":847,"href":"https:\/\/planmur.com.br\/index.php?rest_route=\/wp\/v2\/pages\/85\/revisions\/847"}],"wp:attachment":[{"href":"https:\/\/planmur.com.br\/index.php?rest_route=%2Fwp%2Fv2%2Fmedia&parent=85"}],"curies":[{"name":"wp","href":"https:\/\/api.w.org\/{rel}","templated":true}]}}