{"id":844,"date":"2018-08-24T11:31:47","date_gmt":"2018-08-24T14:31:47","guid":{"rendered":"http:\/\/planmur.com.br\/?page_id=844"},"modified":"2018-08-24T11:39:55","modified_gmt":"2018-08-24T14:39:55","slug":"rit2017","status":"publish","type":"page","link":"https:\/\/planmur.com.br\/?page_id=844","title":{"rendered":"RIT2017"},"content":{"rendered":"<div id=\"pl-844\"  class=\"panel-layout\" ><div id=\"pg-844-0\"  class=\"panel-grid panel-no-style\" ><div id=\"pgc-844-0-0\"  class=\"panel-grid-cell panel-grid-cell-empty\" ><\/div><div id=\"pgc-844-0-1\"  class=\"panel-grid-cell panel-grid-cell-mobile-last\" ><div id=\"panel-844-0-1-0\" class=\"so-panel widget widget_black-studio-tinymce widget_black_studio_tinymce panel-first-child panel-last-child\" data-index=\"0\" ><div class=\"textwidget\"><p><img loading=\"lazy\" decoding=\"async\" class=\"size-full wp-image-848 aligncenter\" src=\"http:\/\/planmur.com.br\/wp-content\/uploads\/2018\/08\/TIT_RIT_2017.jpg\" alt=\"\" width=\"971\" height=\"38\" srcset=\"https:\/\/planmur.com.br\/wp-content\/uploads\/2018\/08\/TIT_RIT_2017.jpg 971w, https:\/\/planmur.com.br\/wp-content\/uploads\/2018\/08\/TIT_RIT_2017-300x12.jpg 300w, https:\/\/planmur.com.br\/wp-content\/uploads\/2018\/08\/TIT_RIT_2017-768x30.jpg 768w\" sizes=\"auto, (max-width: 971px) 100vw, 971px\" \/><\/p>\n<p><span style=\"font-family: helvetica, arial, sans-serif;\"><strong>001 RIT Residencial em S\u00e3o Jos\u00e9 dos Campos \u2013 SP<br \/>\n<\/strong><\/span><\/p>\n<p><div id='gallery-1' class='gallery galleryid-844 gallery-columns-2 gallery-size-medium'><figure class='gallery-item'>\n\t\t\t<div class='gallery-icon landscape'>\n\t\t\t\t<a href='https:\/\/planmur.com.br\/wp-content\/uploads\/2018\/08\/SJC_RES_2017_01.jpg' title=\"\" data-rl_title=\"\" class=\"rl-gallery-link\" data-rl_caption=\"\" data-rel=\"lightbox-gallery-1\"><img loading=\"lazy\" decoding=\"async\" width=\"300\" height=\"210\" src=\"https:\/\/planmur.com.br\/wp-content\/uploads\/2018\/08\/SJC_RES_2017_01-300x210.jpg\" class=\"attachment-medium size-medium\" alt=\"\" srcset=\"https:\/\/planmur.com.br\/wp-content\/uploads\/2018\/08\/SJC_RES_2017_01-300x210.jpg 300w, https:\/\/planmur.com.br\/wp-content\/uploads\/2018\/08\/SJC_RES_2017_01.jpg 650w\" sizes=\"auto, (max-width: 300px) 100vw, 300px\" \/><\/a>\n\t\t\t<\/div><\/figure><figure class='gallery-item'>\n\t\t\t<div class='gallery-icon landscape'>\n\t\t\t\t<a href='https:\/\/planmur.com.br\/wp-content\/uploads\/2018\/08\/SJC_RES_2017_02.jpg' title=\"\" data-rl_title=\"\" class=\"rl-gallery-link\" data-rl_caption=\"\" data-rel=\"lightbox-gallery-1\"><img loading=\"lazy\" decoding=\"async\" width=\"300\" height=\"210\" src=\"https:\/\/planmur.com.br\/wp-content\/uploads\/2018\/08\/SJC_RES_2017_02-300x210.jpg\" class=\"attachment-medium size-medium\" alt=\"\" srcset=\"https:\/\/planmur.com.br\/wp-content\/uploads\/2018\/08\/SJC_RES_2017_02-300x210.jpg 300w, https:\/\/planmur.com.br\/wp-content\/uploads\/2018\/08\/SJC_RES_2017_02.jpg 650w\" sizes=\"auto, (max-width: 300px) 100vw, 300px\" \/><\/a>\n\t\t\t<\/div><\/figure>\n\t\t<\/div>\n<\/p>\n<p><span style=\"font-family: helvetica, arial, sans-serif; font-size: 14px;\"><strong>Descri\u00e7\u00e3o:<\/strong> Elabora\u00e7\u00e3o de um Relat\u00f3rio de Impacto no Tr\u00e1fego (RIT) para aprova\u00e7\u00e3o de empreendimento residencial composto por unidades horizontais de 03 e 02 dormit\u00f3rios, com apartamento padr\u00e3o e duplex, em S\u00e3o Jos\u00e9 dos Campos \u2013 SP.<br \/>\n<\/span><\/p>\n<p><span style=\"font-family: helvetica, arial, sans-serif; font-size: 14px;\"><strong>Localiza\u00e7\u00e3o:<\/strong> Rua Ana Ortega Traballi, Vila S\u00e3o Geraldo, S\u00e3o Jos\u00e9 dos Campos \u2013 SP<br \/>\n<\/span><\/p>\n<p><span style=\"font-family: helvetica, arial, sans-serif; font-size: 14px;\"><strong>Contratante:<\/strong> TENDA<br \/>\n<\/span><\/p>\n<p><span style=\"font-family: helvetica, arial, sans-serif; font-size: 14px;\"><strong>Elabora\u00e7\u00e3o:<\/strong> Agosto\/2017<\/span><\/p>\n<p><span style=\"font-family: helvetica, arial, sans-serif; font-size: 14px;\"><strong>Aprova\u00e7\u00e3o: <\/strong>Outubro\/2017<\/span><\/p>\n<p><span style=\"font-family: helvetica, arial, sans-serif; font-size: 14px;\"><strong>C\u00f3d Planmur:<\/strong> 2017 \u2013 115<\/span><\/p>\n<p>&nbsp;<\/p>\n<\/div><\/div><\/div><div id=\"pgc-844-0-2\"  class=\"panel-grid-cell panel-grid-cell-empty\" ><\/div><\/div><\/div>","protected":false},"excerpt":{"rendered":"<p>001 RIT Residencial em S\u00e3o Jos\u00e9 dos Campos \u2013 SP Descri\u00e7\u00e3o: Elabora\u00e7\u00e3o de um Relat\u00f3rio de Impacto no Tr\u00e1fego (RIT) para aprova\u00e7\u00e3o de empreendimento residencial composto por unidades horizontais de 03 e 02 dormit\u00f3rios, com apartamento padr\u00e3o e duplex, em<\/p>\n","protected":false},"author":1,"featured_media":0,"parent":0,"menu_order":348,"comment_status":"closed","ping_status":"closed","template":"","meta":{"footnotes":""},"class_list":["post-844","page","type-page","status-publish","hentry"],"_links":{"self":[{"href":"https:\/\/planmur.com.br\/index.php?rest_route=\/wp\/v2\/pages\/844","targetHints":{"allow":["GET"]}}],"collection":[{"href":"https:\/\/planmur.com.br\/index.php?rest_route=\/wp\/v2\/pages"}],"about":[{"href":"https:\/\/planmur.com.br\/index.php?rest_route=\/wp\/v2\/types\/page"}],"author":[{"embeddable":true,"href":"https:\/\/planmur.com.br\/index.php?rest_route=\/wp\/v2\/users\/1"}],"replies":[{"embeddable":true,"href":"https:\/\/planmur.com.br\/index.php?rest_route=%2Fwp%2Fv2%2Fcomments&post=844"}],"version-history":[{"count":2,"href":"https:\/\/planmur.com.br\/index.php?rest_route=\/wp\/v2\/pages\/844\/revisions"}],"predecessor-version":[{"id":851,"href":"https:\/\/planmur.com.br\/index.php?rest_route=\/wp\/v2\/pages\/844\/revisions\/851"}],"wp:attachment":[{"href":"https:\/\/planmur.com.br\/index.php?rest_route=%2Fwp%2Fv2%2Fmedia&parent=844"}],"curies":[{"name":"wp","href":"https:\/\/api.w.org\/{rel}","templated":true}]}}