{"id":83,"date":"2018-04-25T18:57:00","date_gmt":"2018-04-25T21:57:00","guid":{"rendered":"http:\/\/planmur.com.br\/?page_id=83"},"modified":"2018-07-31T14:26:53","modified_gmt":"2018-07-31T17:26:53","slug":"planmobs","status":"publish","type":"page","link":"https:\/\/planmur.com.br\/?page_id=83","title":{"rendered":"PLANMOBS"},"content":{"rendered":"<div id=\"pl-83\"  class=\"panel-layout\" ><div id=\"pg-83-0\"  class=\"panel-grid panel-no-style\" ><div id=\"pgc-83-0-0\"  class=\"panel-grid-cell panel-grid-cell-empty\" ><\/div><div id=\"pgc-83-0-1\"  class=\"panel-grid-cell panel-grid-cell-mobile-last\" ><div id=\"panel-83-0-1-0\" class=\"so-panel widget widget_black-studio-tinymce widget_black_studio_tinymce panel-first-child panel-last-child\" data-index=\"0\" ><div class=\"textwidget\"><p>&nbsp;<\/p>\n<p><img loading=\"lazy\" decoding=\"async\" class=\"alignnone size-full wp-image-274\" src=\"http:\/\/planmur.com.br\/wp-content\/uploads\/2018\/04\/TIT_PLANMOBS.jpg\" alt=\"\" width=\"971\" height=\"38\" srcset=\"https:\/\/planmur.com.br\/wp-content\/uploads\/2018\/04\/TIT_PLANMOBS.jpg 971w, https:\/\/planmur.com.br\/wp-content\/uploads\/2018\/04\/TIT_PLANMOBS-300x12.jpg 300w, https:\/\/planmur.com.br\/wp-content\/uploads\/2018\/04\/TIT_PLANMOBS-768x30.jpg 768w\" sizes=\"auto, (max-width: 971px) 100vw, 971px\" \/><\/p>\n<p style=\"text-align: justify;\"><span style=\"font-family: helvetica, arial, sans-serif;\">Seguindo a determina\u00e7\u00e3o da Pol\u00edtica Nacional de Mobilidade Urbana (Lei Federal n\u00b0 12.587\/2012), a <strong>Planmur<\/strong> produz Planos de Mobilidade em v\u00e1rios munic\u00edpios sempre primando pelos princ\u00edpios e diretrizes dessa lei e, especial, pelo v\u00ednculo com as demais legisla\u00e7\u00f5es urban\u00edsticas, pela prioriza\u00e7\u00e3o do transporte coletivo em rela\u00e7\u00e3o ao individual e do transporte n\u00e3o motorizado pelo motorizado, como instrumento de produ\u00e7\u00e3o de um espa\u00e7a urbano mais justo.<\/span><\/p>\n<p><a href=\"http:\/\/planmur.com.br\/?page_id=573\" target=\"_blank\" rel=\"noopener\"><span style=\"font-family: helvetica, arial, sans-serif;\">PLANMOBS - Ano: 2013<\/span><\/a><br \/>\n<a href=\"http:\/\/planmur.com.br\/?page_id=607\" target=\"_blank\" rel=\"noopener\"><span style=\"font-family: helvetica, arial, sans-serif;\">PLANMOBS - Ano: 2014<\/span><\/a><br \/>\n<a href=\"http:\/\/planmur.com.br\/?page_id=635\" target=\"_blank\" rel=\"noopener\"><span style=\"font-family: helvetica, arial, sans-serif;\">PLANMOBS - Ano: 2015<\/span><\/a><\/p>\n<\/div><\/div><\/div><div id=\"pgc-83-0-2\"  class=\"panel-grid-cell panel-grid-cell-empty\" ><\/div><\/div><\/div>","protected":false},"excerpt":{"rendered":"<p>&nbsp; Seguindo a determina\u00e7\u00e3o da Pol\u00edtica Nacional de Mobilidade Urbana (Lei Federal n\u00b0 12.587\/2012), a Planmur produz Planos de Mobilidade em v\u00e1rios munic\u00edpios sempre primando pelos princ\u00edpios e diretrizes dessa lei e, especial, pelo v\u00ednculo com as demais legisla\u00e7\u00f5es urban\u00edsticas,<\/p>\n","protected":false},"author":1,"featured_media":0,"parent":0,"menu_order":70,"comment_status":"closed","ping_status":"closed","template":"","meta":{"footnotes":""},"class_list":["post-83","page","type-page","status-publish","hentry"],"_links":{"self":[{"href":"https:\/\/planmur.com.br\/index.php?rest_route=\/wp\/v2\/pages\/83","targetHints":{"allow":["GET"]}}],"collection":[{"href":"https:\/\/planmur.com.br\/index.php?rest_route=\/wp\/v2\/pages"}],"about":[{"href":"https:\/\/planmur.com.br\/index.php?rest_route=\/wp\/v2\/types\/page"}],"author":[{"embeddable":true,"href":"https:\/\/planmur.com.br\/index.php?rest_route=\/wp\/v2\/users\/1"}],"replies":[{"embeddable":true,"href":"https:\/\/planmur.com.br\/index.php?rest_route=%2Fwp%2Fv2%2Fcomments&post=83"}],"version-history":[{"count":17,"href":"https:\/\/planmur.com.br\/index.php?rest_route=\/wp\/v2\/pages\/83\/revisions"}],"predecessor-version":[{"id":675,"href":"https:\/\/planmur.com.br\/index.php?rest_route=\/wp\/v2\/pages\/83\/revisions\/675"}],"wp:attachment":[{"href":"https:\/\/planmur.com.br\/index.php?rest_route=%2Fwp%2Fv2%2Fmedia&parent=83"}],"curies":[{"name":"wp","href":"https:\/\/api.w.org\/{rel}","templated":true}]}}