{"id":827,"date":"2018-08-24T11:12:51","date_gmt":"2018-08-24T14:12:51","guid":{"rendered":"http:\/\/planmur.com.br\/?page_id=827"},"modified":"2018-08-24T11:29:04","modified_gmt":"2018-08-24T14:29:04","slug":"rit2016","status":"publish","type":"page","link":"https:\/\/planmur.com.br\/?page_id=827","title":{"rendered":"RIT2016"},"content":{"rendered":"<div id=\"pl-827\"  class=\"panel-layout\" ><div id=\"pg-827-0\"  class=\"panel-grid panel-no-style\" ><div id=\"pgc-827-0-0\"  class=\"panel-grid-cell panel-grid-cell-empty\" ><\/div><div id=\"pgc-827-0-1\"  class=\"panel-grid-cell panel-grid-cell-mobile-last\" ><div id=\"panel-827-0-1-0\" class=\"so-panel widget widget_black-studio-tinymce widget_black_studio_tinymce panel-first-child panel-last-child\" data-index=\"0\" ><div class=\"textwidget\"><p><img loading=\"lazy\" decoding=\"async\" class=\"size-full wp-image-832 aligncenter\" src=\"http:\/\/planmur.com.br\/wp-content\/uploads\/2018\/08\/TIT_RIT_2016.jpg\" alt=\"\" width=\"971\" height=\"38\" srcset=\"https:\/\/planmur.com.br\/wp-content\/uploads\/2018\/08\/TIT_RIT_2016.jpg 971w, https:\/\/planmur.com.br\/wp-content\/uploads\/2018\/08\/TIT_RIT_2016-300x12.jpg 300w, https:\/\/planmur.com.br\/wp-content\/uploads\/2018\/08\/TIT_RIT_2016-768x30.jpg 768w\" sizes=\"auto, (max-width: 971px) 100vw, 971px\" \/><\/p>\n<p><span style=\"font-family: helvetica, arial, sans-serif;\"><strong>001 RIT Residencial em Guarulhos \u2013 SP<br \/>\n<\/strong><\/span><\/p>\n<p><span style=\"font-family: helvetica, arial, sans-serif; font-size: 14px;\"><strong>Descri\u00e7\u00e3o:<\/strong> Elaborar um Relat\u00f3rio de Impacto no Tr\u00e1fego (RIT) para aprova\u00e7\u00e3o de empreendimento residencial em Guarulhos \u2013 SP.<br \/>\n<\/span><\/p>\n<p><span style=\"font-family: helvetica, arial, sans-serif; font-size: 14px;\"><strong>Localiza\u00e7\u00e3o:<\/strong> Rua Maria Antonieta de Campos, Bairro dos Pimentas, Guarulhos \u2013 SP<br \/>\n<\/span><\/p>\n<p><span style=\"font-family: helvetica, arial, sans-serif; font-size: 14px;\"><strong>Contratante:<\/strong> Direcional Engenharia<br \/>\n<\/span><\/p>\n<p><span style=\"font-family: helvetica, arial, sans-serif; font-size: 14px;\"><strong>Elabora\u00e7\u00e3o:<\/strong> Junho\/2016<\/span><\/p>\n<p><span style=\"font-family: helvetica, arial, sans-serif; font-size: 14px;\"><strong>Aprova\u00e7\u00e3o: <\/strong>Julho\/2016<\/span><\/p>\n<p><span style=\"font-family: helvetica, arial, sans-serif; font-size: 14px;\"><strong>C\u00f3d Planmur:<\/strong> 2016 \u2013 116<\/span><\/p>\n<p>&nbsp;<\/p>\n<p><span style=\"font-family: helvetica, arial, sans-serif;\"><strong>002 RIT Residencial em Campinas \u2013 SP<br \/>\n<\/strong><\/span><\/p>\n<p><div id='gallery-1' class='gallery galleryid-827 gallery-columns-2 gallery-size-medium'><figure class='gallery-item'>\n\t\t\t<div class='gallery-icon landscape'>\n\t\t\t\t<a href='https:\/\/planmur.com.br\/wp-content\/uploads\/2018\/08\/CAMPINAS_RES_2016_01.jpg' title=\"\" data-rl_title=\"\" class=\"rl-gallery-link\" data-rl_caption=\"\" data-rel=\"lightbox-gallery-1\"><img loading=\"lazy\" decoding=\"async\" width=\"300\" height=\"203\" src=\"https:\/\/planmur.com.br\/wp-content\/uploads\/2018\/08\/CAMPINAS_RES_2016_01-300x203.jpg\" class=\"attachment-medium size-medium\" alt=\"\" srcset=\"https:\/\/planmur.com.br\/wp-content\/uploads\/2018\/08\/CAMPINAS_RES_2016_01-300x203.jpg 300w, https:\/\/planmur.com.br\/wp-content\/uploads\/2018\/08\/CAMPINAS_RES_2016_01.jpg 650w\" sizes=\"auto, (max-width: 300px) 100vw, 300px\" \/><\/a>\n\t\t\t<\/div><\/figure><figure class='gallery-item'>\n\t\t\t<div class='gallery-icon landscape'>\n\t\t\t\t<a href='https:\/\/planmur.com.br\/wp-content\/uploads\/2018\/08\/CAMPINAS_RES_2016_02.jpg' title=\"\" data-rl_title=\"\" class=\"rl-gallery-link\" data-rl_caption=\"\" data-rel=\"lightbox-gallery-1\"><img loading=\"lazy\" decoding=\"async\" width=\"300\" height=\"203\" src=\"https:\/\/planmur.com.br\/wp-content\/uploads\/2018\/08\/CAMPINAS_RES_2016_02-300x203.jpg\" class=\"attachment-medium size-medium\" alt=\"\" srcset=\"https:\/\/planmur.com.br\/wp-content\/uploads\/2018\/08\/CAMPINAS_RES_2016_02-300x203.jpg 300w, https:\/\/planmur.com.br\/wp-content\/uploads\/2018\/08\/CAMPINAS_RES_2016_02.jpg 650w\" sizes=\"auto, (max-width: 300px) 100vw, 300px\" \/><\/a>\n\t\t\t<\/div><\/figure>\n\t\t<\/div>\n<\/p>\n<p><span style=\"font-family: helvetica, arial, sans-serif; font-size: 14px;\"><strong>Descri\u00e7\u00e3o:<\/strong> Elabora\u00e7\u00e3o de um Relat\u00f3rio de Impacto no Tr\u00e1fego (RIT) para aprova\u00e7\u00e3o de empreendimento residencial composto por duas torres, Blocos A e B com, respectivamente, 16 e 24 unidades habitacionais, totalizando 40 apartamentos em Campinas, SP.<br \/>\n<\/span><\/p>\n<p><span style=\"font-family: helvetica, arial, sans-serif; font-size: 14px;\"><strong>Localiza\u00e7\u00e3o:<\/strong> Av. Albino Jos\u00e9 Barbosa de Oliveira, 1860, Bar\u00e3o Geraldo, Campinas \u2013 SP<br \/>\n<\/span><\/p>\n<p><span style=\"font-family: helvetica, arial, sans-serif; font-size: 14px;\"><strong>Contratante:<\/strong> Construtora Marins Rossi<br \/>\n<\/span><\/p>\n<p><span style=\"font-family: helvetica, arial, sans-serif; font-size: 14px;\"><strong>Elabora\u00e7\u00e3o:<\/strong> Janeiro\/2016<\/span><\/p>\n<p><span style=\"font-family: helvetica, arial, sans-serif; font-size: 14px;\"><strong>Aprova\u00e7\u00e3o: <\/strong>Mar\u00e7o\/2016<\/span><\/p>\n<p><span style=\"font-family: helvetica, arial, sans-serif; font-size: 14px;\"><strong>RRT :<\/strong> 0000004424636<br \/>\n<\/span><\/p>\n<p><span style=\"font-family: helvetica, arial, sans-serif; font-size: 14px;\"><strong>C\u00f3d Planmur:<\/strong> 2016 \u2013 101<\/span><\/p>\n<p>&nbsp;<\/p>\n<\/div><\/div><\/div><div id=\"pgc-827-0-2\"  class=\"panel-grid-cell panel-grid-cell-empty\" ><\/div><\/div><\/div>","protected":false},"excerpt":{"rendered":"<p>001 RIT Residencial em Guarulhos \u2013 SP Descri\u00e7\u00e3o: Elaborar um Relat\u00f3rio de Impacto no Tr\u00e1fego (RIT) para aprova\u00e7\u00e3o de empreendimento residencial em Guarulhos \u2013 SP. Localiza\u00e7\u00e3o: Rua Maria Antonieta de Campos, Bairro dos Pimentas, Guarulhos \u2013 SP Contratante: Direcional Engenharia<\/p>\n","protected":false},"author":1,"featured_media":0,"parent":0,"menu_order":349,"comment_status":"closed","ping_status":"closed","template":"","meta":{"footnotes":""},"class_list":["post-827","page","type-page","status-publish","hentry"],"_links":{"self":[{"href":"https:\/\/planmur.com.br\/index.php?rest_route=\/wp\/v2\/pages\/827","targetHints":{"allow":["GET"]}}],"collection":[{"href":"https:\/\/planmur.com.br\/index.php?rest_route=\/wp\/v2\/pages"}],"about":[{"href":"https:\/\/planmur.com.br\/index.php?rest_route=\/wp\/v2\/types\/page"}],"author":[{"embeddable":true,"href":"https:\/\/planmur.com.br\/index.php?rest_route=\/wp\/v2\/users\/1"}],"replies":[{"embeddable":true,"href":"https:\/\/planmur.com.br\/index.php?rest_route=%2Fwp%2Fv2%2Fcomments&post=827"}],"version-history":[{"count":8,"href":"https:\/\/planmur.com.br\/index.php?rest_route=\/wp\/v2\/pages\/827\/revisions"}],"predecessor-version":[{"id":841,"href":"https:\/\/planmur.com.br\/index.php?rest_route=\/wp\/v2\/pages\/827\/revisions\/841"}],"wp:attachment":[{"href":"https:\/\/planmur.com.br\/index.php?rest_route=%2Fwp%2Fv2%2Fmedia&parent=827"}],"curies":[{"name":"wp","href":"https:\/\/api.w.org\/{rel}","templated":true}]}}