{"id":81,"date":"2018-04-25T18:56:28","date_gmt":"2018-04-25T21:56:28","guid":{"rendered":"http:\/\/planmur.com.br\/?page_id=81"},"modified":"2018-08-01T14:57:04","modified_gmt":"2018-08-01T17:57:04","slug":"pr","status":"publish","type":"page","link":"https:\/\/planmur.com.br\/?page_id=81","title":{"rendered":"PR"},"content":{"rendered":"<div id=\"pl-81\"  class=\"panel-layout\" ><div id=\"pg-81-0\"  class=\"panel-grid panel-no-style\" ><div id=\"pgc-81-0-0\"  class=\"panel-grid-cell panel-grid-cell-empty\" ><\/div><div id=\"pgc-81-0-1\"  class=\"panel-grid-cell panel-grid-cell-mobile-last\" ><div id=\"panel-81-0-1-0\" class=\"so-panel widget widget_black-studio-tinymce widget_black_studio_tinymce panel-first-child panel-last-child\" data-index=\"0\" ><div class=\"textwidget\"><p>&nbsp;<\/p>\n<p><img loading=\"lazy\" decoding=\"async\" class=\"alignnone size-full wp-image-271\" src=\"http:\/\/planmur.com.br\/wp-content\/uploads\/2018\/04\/TIT_PR.jpg\" alt=\"\" width=\"971\" height=\"38\" srcset=\"https:\/\/planmur.com.br\/wp-content\/uploads\/2018\/04\/TIT_PR.jpg 971w, https:\/\/planmur.com.br\/wp-content\/uploads\/2018\/04\/TIT_PR-300x12.jpg 300w, https:\/\/planmur.com.br\/wp-content\/uploads\/2018\/04\/TIT_PR-768x30.jpg 768w\" sizes=\"auto, (max-width: 971px) 100vw, 971px\" \/><\/p>\n<p style=\"text-align: justify;\"><span style=\"font-family: helvetica, arial, sans-serif;\">Em conson\u00e2ncia com o Estatuto da Metr\u00f3pole (Lei Federal n\u00b0 13.089\/2015), a <strong>Planmur<\/strong> elabora Planos de Desenvolvimento Urbanos Integrados (PDUIs) e Planos Diretores de Desenvolvimento Metropolitano (PDDMs) nas regi\u00f5es metropolitanas e nos aglomerados urbanos, que servir\u00e3o de base para as futuras legisla\u00e7\u00f5es municipais nas cidades envolvidas.<\/span><\/p>\n<p><a href=\" http:\/\/planmur.com.br\/?page_id=697\" target=\"_blank\" rel=\"noopener\"><span style=\"font-family: helvetica, arial, sans-serif;\">PR - Ano: 2013<\/span><\/a><\/p>\n<\/div><\/div><\/div><div id=\"pgc-81-0-2\"  class=\"panel-grid-cell panel-grid-cell-empty\" ><\/div><\/div><\/div>","protected":false},"excerpt":{"rendered":"<p>&nbsp; Em conson\u00e2ncia com o Estatuto da Metr\u00f3pole (Lei Federal n\u00b0 13.089\/2015), a Planmur elabora Planos de Desenvolvimento Urbanos Integrados (PDUIs) e Planos Diretores de Desenvolvimento Metropolitano (PDDMs) nas regi\u00f5es metropolitanas e nos aglomerados urbanos, que servir\u00e3o de base para<\/p>\n","protected":false},"author":1,"featured_media":0,"parent":0,"menu_order":60,"comment_status":"closed","ping_status":"closed","template":"","meta":{"footnotes":""},"class_list":["post-81","page","type-page","status-publish","hentry"],"_links":{"self":[{"href":"https:\/\/planmur.com.br\/index.php?rest_route=\/wp\/v2\/pages\/81","targetHints":{"allow":["GET"]}}],"collection":[{"href":"https:\/\/planmur.com.br\/index.php?rest_route=\/wp\/v2\/pages"}],"about":[{"href":"https:\/\/planmur.com.br\/index.php?rest_route=\/wp\/v2\/types\/page"}],"author":[{"embeddable":true,"href":"https:\/\/planmur.com.br\/index.php?rest_route=\/wp\/v2\/users\/1"}],"replies":[{"embeddable":true,"href":"https:\/\/planmur.com.br\/index.php?rest_route=%2Fwp%2Fv2%2Fcomments&post=81"}],"version-history":[{"count":9,"href":"https:\/\/planmur.com.br\/index.php?rest_route=\/wp\/v2\/pages\/81\/revisions"}],"predecessor-version":[{"id":700,"href":"https:\/\/planmur.com.br\/index.php?rest_route=\/wp\/v2\/pages\/81\/revisions\/700"}],"wp:attachment":[{"href":"https:\/\/planmur.com.br\/index.php?rest_route=%2Fwp%2Fv2%2Fmedia&parent=81"}],"curies":[{"name":"wp","href":"https:\/\/api.w.org\/{rel}","templated":true}]}}