{"id":635,"date":"2018-07-31T14:22:40","date_gmt":"2018-07-31T17:22:40","guid":{"rendered":"http:\/\/planmur.com.br\/?page_id=635"},"modified":"2018-08-01T15:27:07","modified_gmt":"2018-08-01T18:27:07","slug":"planmobs2015","status":"publish","type":"page","link":"https:\/\/planmur.com.br\/?page_id=635","title":{"rendered":"PLANMOBS2015"},"content":{"rendered":"<div id=\"pl-635\"  class=\"panel-layout\" ><div id=\"pg-635-0\"  class=\"panel-grid panel-no-style\" ><div id=\"pgc-635-0-0\"  class=\"panel-grid-cell panel-grid-cell-empty\" ><\/div><div id=\"pgc-635-0-1\"  class=\"panel-grid-cell panel-grid-cell-mobile-last\" ><div id=\"panel-635-0-1-0\" class=\"so-panel widget widget_black-studio-tinymce widget_black_studio_tinymce panel-first-child panel-last-child\" data-index=\"0\" ><div class=\"textwidget\"><p><img loading=\"lazy\" decoding=\"async\" class=\"alignnone size-full wp-image-637\" src=\"http:\/\/planmur.com.br\/wp-content\/uploads\/2018\/07\/TIT_PLANMOBS_2015.jpg\" alt=\"\" width=\"971\" height=\"38\" srcset=\"https:\/\/planmur.com.br\/wp-content\/uploads\/2018\/07\/TIT_PLANMOBS_2015.jpg 971w, https:\/\/planmur.com.br\/wp-content\/uploads\/2018\/07\/TIT_PLANMOBS_2015-300x12.jpg 300w, https:\/\/planmur.com.br\/wp-content\/uploads\/2018\/07\/TIT_PLANMOBS_2015-768x30.jpg 768w\" sizes=\"auto, (max-width: 971px) 100vw, 971px\" \/><br \/>\n<span style=\"font-family: helvetica, arial, sans-serif;\"><strong>001 Elabora\u00e7\u00e3o do Plano de Mobilidade Urbana de Itapecerica da Serra<br \/>\n<\/strong><\/span><\/p>\n<p><div id='gallery-1' class='gallery galleryid-635 gallery-columns-2 gallery-size-medium'><figure class='gallery-item'>\n\t\t\t<div class='gallery-icon landscape'>\n\t\t\t\t<a href='https:\/\/planmur.com.br\/wp-content\/uploads\/2018\/07\/PLMB_2015_01.jpg' title=\"\" data-rl_title=\"\" class=\"rl-gallery-link\" data-rl_caption=\"\" data-rel=\"lightbox-gallery-1\"><img loading=\"lazy\" decoding=\"async\" width=\"300\" height=\"212\" src=\"https:\/\/planmur.com.br\/wp-content\/uploads\/2018\/07\/PLMB_2015_01-300x212.jpg\" class=\"attachment-medium size-medium\" alt=\"\" srcset=\"https:\/\/planmur.com.br\/wp-content\/uploads\/2018\/07\/PLMB_2015_01-300x212.jpg 300w, https:\/\/planmur.com.br\/wp-content\/uploads\/2018\/07\/PLMB_2015_01.jpg 700w\" sizes=\"auto, (max-width: 300px) 100vw, 300px\" \/><\/a>\n\t\t\t<\/div><\/figure><figure class='gallery-item'>\n\t\t\t<div class='gallery-icon landscape'>\n\t\t\t\t<a href='https:\/\/planmur.com.br\/wp-content\/uploads\/2018\/07\/PLMB_2015_02.jpg' title=\"\" data-rl_title=\"\" class=\"rl-gallery-link\" data-rl_caption=\"\" data-rel=\"lightbox-gallery-1\"><img loading=\"lazy\" decoding=\"async\" width=\"300\" height=\"212\" src=\"https:\/\/planmur.com.br\/wp-content\/uploads\/2018\/07\/PLMB_2015_02-300x212.jpg\" class=\"attachment-medium size-medium\" alt=\"\" srcset=\"https:\/\/planmur.com.br\/wp-content\/uploads\/2018\/07\/PLMB_2015_02-300x212.jpg 300w, https:\/\/planmur.com.br\/wp-content\/uploads\/2018\/07\/PLMB_2015_02.jpg 700w\" sizes=\"auto, (max-width: 300px) 100vw, 300px\" \/><\/a>\n\t\t\t<\/div><\/figure>\n\t\t<\/div>\n<\/p>\n<p style=\"text-align: justify;\"><span style=\"font-family: helvetica, arial, sans-serif; font-size: 14px;\"><strong>Descri\u00e7\u00e3o:<\/strong> Elaboramos o Plano de Mobilidade Urbana de Itapecerica da Serra, munic\u00edpio de cerca de 165 mil habitantes (dados da \u00e9poca), trabalhando com conceitos como mobilidade sustent\u00e1vel, distribui\u00e7\u00e3o equ\u00e2nime de oportunidades e cidade para todos.<br \/>\n<\/span><\/p>\n<p><span style=\"font-family: helvetica, arial, sans-serif; font-size: 14px;\"><strong>Localiza\u00e7\u00e3o:\u00a0<\/strong>Itapecerica da Serra- SP<\/span><\/p>\n<p><span style=\"font-family: helvetica, arial, sans-serif; font-size: 14px;\"><strong>Contratante:<\/strong> Prefeitura Municipal de Itapecerica da Serra<br \/>\n<\/span><\/p>\n<p><span style=\"font-family: helvetica, arial, sans-serif; font-size: 14px;\"><strong>Elabora\u00e7\u00e3o:<\/strong> Mar\u00e7o\/2015<br \/>\n<\/span><\/p>\n<p><span style=\"font-family: helvetica, arial, sans-serif; font-size: 14px;\"><strong>Aprova\u00e7\u00e3o:<\/strong> Agosto\/2015<br \/>\n<\/span><\/p>\n<p><span style=\"font-family: helvetica, arial, sans-serif; font-size: 14px;\"><strong>RTT :<\/strong> 3598827<br \/>\n<\/span><\/p>\n<p><span style=\"font-family: helvetica, arial, sans-serif; font-size: 14px;\"><strong>C\u00f3d Planmur:<\/strong> 2015-111<br \/>\n<\/span><\/p>\n<p><span style=\"font-family: helvetica, arial, sans-serif; font-size: 14px;\"><strong>ATESTADO:<\/strong> Para baixar o atestado emitido pelo Conselho de Arquitetura e Urbanismo<a href=\"http:\/\/planmur.com.br\/wp-content\/uploads\/2018\/07\/Certidao_276130.pdf\" target=\"_blank\" rel=\"noopener\"> clique aqui<\/a>.<br \/>\n<\/span><\/p>\n<p>&nbsp;<\/p>\n<p><span style=\"font-family: helvetica, arial, sans-serif;\"><strong>002 Revis\u00e3o do Plano de Mobilidade Urbana do Munic\u00edpio de Cajamar<br \/>\n<\/strong><\/span><\/p>\n<p><div id='gallery-2' class='gallery galleryid-635 gallery-columns-2 gallery-size-medium'><figure class='gallery-item'>\n\t\t\t<div class='gallery-icon portrait'>\n\t\t\t\t<a href='https:\/\/planmur.com.br\/wp-content\/uploads\/2018\/07\/PLMB_2015_07.jpg' title=\"\" data-rl_title=\"\" class=\"rl-gallery-link\" data-rl_caption=\"\" data-rel=\"lightbox-gallery-2\"><img loading=\"lazy\" decoding=\"async\" width=\"267\" height=\"300\" src=\"https:\/\/planmur.com.br\/wp-content\/uploads\/2018\/07\/PLMB_2015_07-267x300.jpg\" class=\"attachment-medium size-medium\" alt=\"\" srcset=\"https:\/\/planmur.com.br\/wp-content\/uploads\/2018\/07\/PLMB_2015_07-267x300.jpg 267w, https:\/\/planmur.com.br\/wp-content\/uploads\/2018\/07\/PLMB_2015_07.jpg 600w\" sizes=\"auto, (max-width: 267px) 100vw, 267px\" \/><\/a>\n\t\t\t<\/div><\/figure><figure class='gallery-item'>\n\t\t\t<div class='gallery-icon portrait'>\n\t\t\t\t<a href='https:\/\/planmur.com.br\/wp-content\/uploads\/2018\/07\/PLMB_2015_08.jpg' title=\"\" data-rl_title=\"\" class=\"rl-gallery-link\" data-rl_caption=\"\" data-rel=\"lightbox-gallery-2\"><img loading=\"lazy\" decoding=\"async\" width=\"267\" height=\"300\" src=\"https:\/\/planmur.com.br\/wp-content\/uploads\/2018\/07\/PLMB_2015_08-267x300.jpg\" class=\"attachment-medium size-medium\" alt=\"\" srcset=\"https:\/\/planmur.com.br\/wp-content\/uploads\/2018\/07\/PLMB_2015_08-267x300.jpg 267w, https:\/\/planmur.com.br\/wp-content\/uploads\/2018\/07\/PLMB_2015_08.jpg 600w\" sizes=\"auto, (max-width: 267px) 100vw, 267px\" \/><\/a>\n\t\t\t<\/div><\/figure>\n\t\t<\/div>\n<\/p>\n<p style=\"text-align: justify;\"><span style=\"font-family: helvetica, arial, sans-serif; font-size: 14px;\"><strong>Descri\u00e7\u00e3o:<\/strong> Em parceria com o Solei Engenharia, participamos da elabora\u00e7\u00e3o do Plano de Mobilidade Urbana de Cajamar, munic\u00edpio de cerca de 72 mil habitantes (dados da \u00e9poca).<br \/>\n<\/span><\/p>\n<p><span style=\"font-family: helvetica, arial, sans-serif; font-size: 14px;\"><strong>Localiza\u00e7\u00e3o:\u00a0<\/strong>Cajamar- SP<\/span><\/p>\n<p><span style=\"font-family: helvetica, arial, sans-serif; font-size: 14px;\"><strong>Contratante:<\/strong> Solei Engenharia<br \/>\n<\/span><\/p>\n<p><span style=\"font-family: helvetica, arial, sans-serif; font-size: 14px;\"><strong>Elabora\u00e7\u00e3o:<\/strong> Dezembro\/2015<br \/>\n<\/span><\/p>\n<p><span style=\"font-family: helvetica, arial, sans-serif; font-size: 14px;\"><strong>Aprova\u00e7\u00e3o:<\/strong> Abril\/2018<br \/>\n<\/span><\/p>\n<p><span style=\"font-family: helvetica, arial, sans-serif; font-size: 14px;\"><strong>C\u00f3d Planmur:<\/strong> Plano Cajamar<br \/>\n<\/span><\/p>\n<p>&nbsp;<\/p>\n<p><span style=\"font-family: helvetica, arial, sans-serif;\"><strong>003 Revis\u00e3o do Plano de Mobilidade Urbana (Planmob) do Munic\u00edpio de Bertioga<br \/>\n<\/strong><\/span><\/p>\n<p><div id='gallery-3' class='gallery galleryid-635 gallery-columns-2 gallery-size-medium'><figure class='gallery-item'>\n\t\t\t<div class='gallery-icon landscape'>\n\t\t\t\t<a href='https:\/\/planmur.com.br\/wp-content\/uploads\/2018\/07\/PLMB_2015_09.jpg' title=\"\" data-rl_title=\"\" class=\"rl-gallery-link\" data-rl_caption=\"\" data-rel=\"lightbox-gallery-3\"><img loading=\"lazy\" decoding=\"async\" width=\"300\" height=\"166\" src=\"https:\/\/planmur.com.br\/wp-content\/uploads\/2018\/07\/PLMB_2015_09-300x166.jpg\" class=\"attachment-medium size-medium\" alt=\"\" srcset=\"https:\/\/planmur.com.br\/wp-content\/uploads\/2018\/07\/PLMB_2015_09-300x166.jpg 300w, https:\/\/planmur.com.br\/wp-content\/uploads\/2018\/07\/PLMB_2015_09.jpg 700w\" sizes=\"auto, (max-width: 300px) 100vw, 300px\" \/><\/a>\n\t\t\t<\/div><\/figure><figure class='gallery-item'>\n\t\t\t<div class='gallery-icon landscape'>\n\t\t\t\t<a href='https:\/\/planmur.com.br\/wp-content\/uploads\/2018\/07\/PLMB_2015_10.jpg' title=\"\" data-rl_title=\"\" class=\"rl-gallery-link\" data-rl_caption=\"\" data-rel=\"lightbox-gallery-3\"><img loading=\"lazy\" decoding=\"async\" width=\"300\" height=\"166\" src=\"https:\/\/planmur.com.br\/wp-content\/uploads\/2018\/07\/PLMB_2015_10-300x166.jpg\" class=\"attachment-medium size-medium\" alt=\"\" srcset=\"https:\/\/planmur.com.br\/wp-content\/uploads\/2018\/07\/PLMB_2015_10-300x166.jpg 300w, https:\/\/planmur.com.br\/wp-content\/uploads\/2018\/07\/PLMB_2015_10.jpg 700w\" sizes=\"auto, (max-width: 300px) 100vw, 300px\" \/><\/a>\n\t\t\t<\/div><\/figure>\n\t\t<\/div>\n<\/p>\n<p style=\"text-align: justify;\"><span style=\"font-family: helvetica, arial, sans-serif; font-size: 14px;\"><strong>Descri\u00e7\u00e3o:<\/strong>Em parceria com a Tranzum Engenharia, participamos da elabora\u00e7\u00e3o do Plano de Mobilidade Urbana de Bertioga, munic\u00edpio de cerca de 50 mil habitantes (dados da \u00e9poca).<br \/>\n<\/span><\/p>\n<p><span style=\"font-family: helvetica, arial, sans-serif; font-size: 14px;\"><strong>Localiza\u00e7\u00e3o:\u00a0<\/strong>Bertioga - SP<\/span><\/p>\n<p><span style=\"font-family: helvetica, arial, sans-serif; font-size: 14px;\"><strong>Contratante:<\/strong> Tranzum Engenharia<br \/>\n<\/span><\/p>\n<p><span style=\"font-family: helvetica, arial, sans-serif; font-size: 14px;\"><strong>Elabora\u00e7\u00e3o:<\/strong> Maio\/2015<br \/>\n<\/span><\/p>\n<p><span style=\"font-family: helvetica, arial, sans-serif; font-size: 14px;\"><strong>Aprova\u00e7\u00e3o:<\/strong> Janeiro\/2016<br \/>\n<\/span><\/p>\n<p><span style=\"font-family: helvetica, arial, sans-serif; font-size: 14px;\"><strong>C\u00f3d Planmur:<\/strong> Planmob Bertioga<br \/>\n<\/span><\/p>\n<\/div><\/div><\/div><div id=\"pgc-635-0-2\"  class=\"panel-grid-cell panel-grid-cell-empty\" ><\/div><\/div><\/div>","protected":false},"excerpt":{"rendered":"<p>001 Elabora\u00e7\u00e3o do Plano de Mobilidade Urbana de Itapecerica da Serra Descri\u00e7\u00e3o: Elaboramos o Plano de Mobilidade Urbana de Itapecerica da Serra, munic\u00edpio de cerca de 165 mil habitantes (dados da \u00e9poca), trabalhando com conceitos como mobilidade sustent\u00e1vel, distribui\u00e7\u00e3o equ\u00e2nime<\/p>\n","protected":false},"author":1,"featured_media":0,"parent":0,"menu_order":132,"comment_status":"closed","ping_status":"closed","template":"","meta":{"footnotes":""},"class_list":["post-635","page","type-page","status-publish","hentry"],"_links":{"self":[{"href":"https:\/\/planmur.com.br\/index.php?rest_route=\/wp\/v2\/pages\/635","targetHints":{"allow":["GET"]}}],"collection":[{"href":"https:\/\/planmur.com.br\/index.php?rest_route=\/wp\/v2\/pages"}],"about":[{"href":"https:\/\/planmur.com.br\/index.php?rest_route=\/wp\/v2\/types\/page"}],"author":[{"embeddable":true,"href":"https:\/\/planmur.com.br\/index.php?rest_route=\/wp\/v2\/users\/1"}],"replies":[{"embeddable":true,"href":"https:\/\/planmur.com.br\/index.php?rest_route=%2Fwp%2Fv2%2Fcomments&post=635"}],"version-history":[{"count":25,"href":"https:\/\/planmur.com.br\/index.php?rest_route=\/wp\/v2\/pages\/635\/revisions"}],"predecessor-version":[{"id":721,"href":"https:\/\/planmur.com.br\/index.php?rest_route=\/wp\/v2\/pages\/635\/revisions\/721"}],"wp:attachment":[{"href":"https:\/\/planmur.com.br\/index.php?rest_route=%2Fwp%2Fv2%2Fmedia&parent=635"}],"curies":[{"name":"wp","href":"https:\/\/api.w.org\/{rel}","templated":true}]}}