{"id":61,"date":"2018-04-25T17:52:21","date_gmt":"2018-04-25T20:52:21","guid":{"rendered":"http:\/\/planmur.com.br\/?page_id=61"},"modified":"2018-07-05T17:58:46","modified_gmt":"2018-07-05T20:58:46","slug":"clientes","status":"publish","type":"page","link":"https:\/\/planmur.com.br\/?page_id=61","title":{"rendered":"Clientes"},"content":{"rendered":"<div id=\"pl-61\"  class=\"panel-layout\" ><div id=\"pg-61-0\"  class=\"panel-grid panel-no-style\" ><div id=\"pgc-61-0-0\"  class=\"panel-grid-cell panel-grid-cell-empty\" ><\/div><div id=\"pgc-61-0-1\"  class=\"panel-grid-cell panel-grid-cell-mobile-last\" ><div id=\"panel-61-0-1-0\" class=\"so-panel widget widget_sow-editor panel-first-child panel-last-child\" data-index=\"0\" ><div\n\t\t\t\n\t\t\tclass=\"so-widget-sow-editor so-widget-sow-editor-base\"\n\t\t\t\n\t\t>\n<div class=\"siteorigin-widget-tinymce textwidget\">\n\t<p>&nbsp;<\/p>\n<p><img loading=\"lazy\" decoding=\"async\" class=\"alignnone size-full wp-image-218\" src=\"http:\/\/planmur.com.br\/wp-content\/uploads\/2018\/04\/TIT_CLIENTES.jpg\" alt=\"\" width=\"973\" height=\"38\" srcset=\"https:\/\/planmur.com.br\/wp-content\/uploads\/2018\/04\/TIT_CLIENTES.jpg 973w, https:\/\/planmur.com.br\/wp-content\/uploads\/2018\/04\/TIT_CLIENTES-300x12.jpg 300w, https:\/\/planmur.com.br\/wp-content\/uploads\/2018\/04\/TIT_CLIENTES-768x30.jpg 768w\" sizes=\"auto, (max-width: 973px) 100vw, 973px\" \/><\/p>\n<p><span style=\"font-family: helvetica, arial, sans-serif;\">Quem j\u00e1 atendemos.<\/span><\/p>\n<ul>\n<li><strong><span style=\"font-family: helvetica, arial, sans-serif;\">INICIATIVA PRIVADA<\/span><\/strong><\/li>\n<\/ul>\n<div id='gallery-1' class='gallery galleryid-61 gallery-columns-3 gallery-size-full'><figure class='gallery-item'>\n\t\t\t<div class='gallery-icon landscape'>\n\t\t\t\t<img loading=\"lazy\" decoding=\"async\" width=\"200\" height=\"74\" src=\"https:\/\/planmur.com.br\/wp-content\/uploads\/2018\/05\/LOGO_01-e1526039740542.jpg\" class=\"attachment-full size-full\" alt=\"\" \/>\n\t\t\t<\/div><\/figure><figure class='gallery-item'>\n\t\t\t<div class='gallery-icon landscape'>\n\t\t\t\t<img loading=\"lazy\" decoding=\"async\" width=\"200\" height=\"74\" src=\"https:\/\/planmur.com.br\/wp-content\/uploads\/2018\/05\/LOGO_02-e1526039768220.jpg\" class=\"attachment-full size-full\" alt=\"\" \/>\n\t\t\t<\/div><\/figure><figure class='gallery-item'>\n\t\t\t<div class='gallery-icon landscape'>\n\t\t\t\t<img loading=\"lazy\" decoding=\"async\" width=\"200\" height=\"74\" src=\"https:\/\/planmur.com.br\/wp-content\/uploads\/2018\/05\/LOGO_03-e1526039786411.jpg\" class=\"attachment-full size-full\" alt=\"\" \/>\n\t\t\t<\/div><\/figure><figure class='gallery-item'>\n\t\t\t<div class='gallery-icon landscape'>\n\t\t\t\t<img loading=\"lazy\" decoding=\"async\" width=\"200\" height=\"74\" src=\"https:\/\/planmur.com.br\/wp-content\/uploads\/2018\/05\/LOGO_04-e1526040201825.jpg\" class=\"attachment-full size-full\" alt=\"\" \/>\n\t\t\t<\/div><\/figure><figure class='gallery-item'>\n\t\t\t<div class='gallery-icon landscape'>\n\t\t\t\t<img loading=\"lazy\" decoding=\"async\" width=\"200\" height=\"74\" src=\"https:\/\/planmur.com.br\/wp-content\/uploads\/2018\/05\/LOGO_05-e1526040214949.jpg\" class=\"attachment-full size-full\" alt=\"\" \/>\n\t\t\t<\/div><\/figure><figure class='gallery-item'>\n\t\t\t<div class='gallery-icon landscape'>\n\t\t\t\t<img loading=\"lazy\" decoding=\"async\" width=\"200\" height=\"74\" src=\"https:\/\/planmur.com.br\/wp-content\/uploads\/2018\/05\/LOGO_06-e1526040231995.jpg\" class=\"attachment-full size-full\" alt=\"\" \/>\n\t\t\t<\/div><\/figure><figure class='gallery-item'>\n\t\t\t<div class='gallery-icon landscape'>\n\t\t\t\t<img loading=\"lazy\" decoding=\"async\" width=\"200\" height=\"74\" src=\"https:\/\/planmur.com.br\/wp-content\/uploads\/2018\/05\/LOGO_07-e1526040255836.jpg\" class=\"attachment-full size-full\" alt=\"\" \/>\n\t\t\t<\/div><\/figure><figure class='gallery-item'>\n\t\t\t<div class='gallery-icon landscape'>\n\t\t\t\t<img loading=\"lazy\" decoding=\"async\" width=\"200\" height=\"74\" src=\"https:\/\/planmur.com.br\/wp-content\/uploads\/2018\/05\/LOGO_08-e1526040265799.jpg\" class=\"attachment-full size-full\" alt=\"\" \/>\n\t\t\t<\/div><\/figure><figure class='gallery-item'>\n\t\t\t<div class='gallery-icon landscape'>\n\t\t\t\t<img loading=\"lazy\" decoding=\"async\" width=\"200\" height=\"74\" src=\"https:\/\/planmur.com.br\/wp-content\/uploads\/2018\/05\/LOGO_09-e1526040281689.jpg\" class=\"attachment-full size-full\" alt=\"\" \/>\n\t\t\t<\/div><\/figure><figure class='gallery-item'>\n\t\t\t<div class='gallery-icon landscape'>\n\t\t\t\t<img loading=\"lazy\" decoding=\"async\" width=\"200\" height=\"74\" src=\"https:\/\/planmur.com.br\/wp-content\/uploads\/2018\/05\/LOGO_10-e1526040331220.jpg\" class=\"attachment-full size-full\" alt=\"\" \/>\n\t\t\t<\/div><\/figure><figure class='gallery-item'>\n\t\t\t<div class='gallery-icon landscape'>\n\t\t\t\t<img loading=\"lazy\" decoding=\"async\" width=\"200\" height=\"74\" src=\"https:\/\/planmur.com.br\/wp-content\/uploads\/2018\/05\/LOGO_11-e1526040340193.jpg\" class=\"attachment-full size-full\" alt=\"\" \/>\n\t\t\t<\/div><\/figure><figure class='gallery-item'>\n\t\t\t<div class='gallery-icon landscape'>\n\t\t\t\t<img loading=\"lazy\" decoding=\"async\" width=\"200\" height=\"74\" src=\"https:\/\/planmur.com.br\/wp-content\/uploads\/2018\/05\/LOGO_12-e1526040350815.jpg\" class=\"attachment-full size-full\" alt=\"\" \/>\n\t\t\t<\/div><\/figure><figure class='gallery-item'>\n\t\t\t<div class='gallery-icon landscape'>\n\t\t\t\t<img loading=\"lazy\" decoding=\"async\" width=\"200\" height=\"74\" src=\"https:\/\/planmur.com.br\/wp-content\/uploads\/2018\/05\/LOGO_13-e1526040362797.jpg\" class=\"attachment-full size-full\" alt=\"\" \/>\n\t\t\t<\/div><\/figure><figure class='gallery-item'>\n\t\t\t<div class='gallery-icon landscape'>\n\t\t\t\t<img loading=\"lazy\" decoding=\"async\" width=\"200\" height=\"74\" src=\"https:\/\/planmur.com.br\/wp-content\/uploads\/2018\/05\/LOGO_14-e1526040372701.jpg\" class=\"attachment-full size-full\" alt=\"\" \/>\n\t\t\t<\/div><\/figure><figure class='gallery-item'>\n\t\t\t<div class='gallery-icon landscape'>\n\t\t\t\t<img loading=\"lazy\" decoding=\"async\" width=\"200\" height=\"74\" src=\"https:\/\/planmur.com.br\/wp-content\/uploads\/2018\/05\/LOGO_15-e1526040382595.jpg\" class=\"attachment-full size-full\" alt=\"\" \/>\n\t\t\t<\/div><\/figure><figure class='gallery-item'>\n\t\t\t<div class='gallery-icon landscape'>\n\t\t\t\t<img loading=\"lazy\" decoding=\"async\" width=\"200\" height=\"74\" src=\"https:\/\/planmur.com.br\/wp-content\/uploads\/2018\/05\/LOGO_16-e1526040394420.jpg\" class=\"attachment-full size-full\" alt=\"\" \/>\n\t\t\t<\/div><\/figure><figure class='gallery-item'>\n\t\t\t<div class='gallery-icon landscape'>\n\t\t\t\t<img loading=\"lazy\" decoding=\"async\" width=\"200\" height=\"74\" src=\"https:\/\/planmur.com.br\/wp-content\/uploads\/2018\/05\/LOGO_17-e1526040404378.jpg\" class=\"attachment-full size-full\" alt=\"\" \/>\n\t\t\t<\/div><\/figure><figure class='gallery-item'>\n\t\t\t<div class='gallery-icon landscape'>\n\t\t\t\t<img loading=\"lazy\" decoding=\"async\" width=\"200\" height=\"74\" src=\"https:\/\/planmur.com.br\/wp-content\/uploads\/2018\/05\/LOGO_18-e1526040415879.jpg\" class=\"attachment-full size-full\" alt=\"\" \/>\n\t\t\t<\/div><\/figure><figure class='gallery-item'>\n\t\t\t<div class='gallery-icon landscape'>\n\t\t\t\t<img loading=\"lazy\" decoding=\"async\" width=\"200\" height=\"74\" src=\"https:\/\/planmur.com.br\/wp-content\/uploads\/2018\/05\/LOGO_19-e1526040426709.jpg\" class=\"attachment-full size-full\" alt=\"\" \/>\n\t\t\t<\/div><\/figure><figure class='gallery-item'>\n\t\t\t<div class='gallery-icon landscape'>\n\t\t\t\t<img loading=\"lazy\" decoding=\"async\" width=\"200\" height=\"74\" src=\"https:\/\/planmur.com.br\/wp-content\/uploads\/2018\/05\/LOGO_20-e1526040435696.jpg\" class=\"attachment-full size-full\" alt=\"\" \/>\n\t\t\t<\/div><\/figure><figure class='gallery-item'>\n\t\t\t<div class='gallery-icon landscape'>\n\t\t\t\t<img loading=\"lazy\" decoding=\"async\" width=\"200\" height=\"74\" src=\"https:\/\/planmur.com.br\/wp-content\/uploads\/2018\/05\/LOGO_21-e1526040447814.jpg\" class=\"attachment-full size-full\" alt=\"\" \/>\n\t\t\t<\/div><\/figure><figure class='gallery-item'>\n\t\t\t<div class='gallery-icon landscape'>\n\t\t\t\t<img loading=\"lazy\" decoding=\"async\" width=\"200\" height=\"74\" src=\"https:\/\/planmur.com.br\/wp-content\/uploads\/2018\/05\/LOGO_22-e1526040460603.jpg\" class=\"attachment-full size-full\" alt=\"\" \/>\n\t\t\t<\/div><\/figure><figure class='gallery-item'>\n\t\t\t<div class='gallery-icon landscape'>\n\t\t\t\t<img loading=\"lazy\" decoding=\"async\" width=\"200\" height=\"74\" src=\"https:\/\/planmur.com.br\/wp-content\/uploads\/2018\/05\/LOGO_23-e1526040470303.jpg\" class=\"attachment-full size-full\" alt=\"\" \/>\n\t\t\t<\/div><\/figure>\n\t\t<\/div>\n\n<ul>\n<li><strong><span style=\"font-family: helvetica, arial, sans-serif;\">ADMINISTRA\u00c7\u00c3O P\u00daBLICA<\/span><\/strong><\/li>\n<\/ul>\n<div id='gallery-2' class='gallery galleryid-61 gallery-columns-3 gallery-size-full'><figure class='gallery-item'>\n\t\t\t<div class='gallery-icon landscape'>\n\t\t\t\t<img loading=\"lazy\" decoding=\"async\" width=\"200\" height=\"74\" src=\"https:\/\/planmur.com.br\/wp-content\/uploads\/2018\/05\/P_LOGO_01-e1526040549231.jpg\" class=\"attachment-full size-full\" alt=\"\" \/>\n\t\t\t<\/div><\/figure><figure class='gallery-item'>\n\t\t\t<div class='gallery-icon landscape'>\n\t\t\t\t<img loading=\"lazy\" decoding=\"async\" width=\"200\" height=\"74\" src=\"https:\/\/planmur.com.br\/wp-content\/uploads\/2018\/05\/P_LOGO_02-e1526040561641.jpg\" class=\"attachment-full size-full\" alt=\"\" \/>\n\t\t\t<\/div><\/figure><figure class='gallery-item'>\n\t\t\t<div class='gallery-icon landscape'>\n\t\t\t\t<img loading=\"lazy\" decoding=\"async\" width=\"200\" height=\"74\" src=\"https:\/\/planmur.com.br\/wp-content\/uploads\/2018\/05\/P_LOGO_03-e1526040572251.jpg\" class=\"attachment-full size-full\" alt=\"\" \/>\n\t\t\t<\/div><\/figure><figure class='gallery-item'>\n\t\t\t<div class='gallery-icon landscape'>\n\t\t\t\t<img loading=\"lazy\" decoding=\"async\" width=\"200\" height=\"74\" src=\"https:\/\/planmur.com.br\/wp-content\/uploads\/2018\/05\/P_LOGO_04-e1526040582486.jpg\" class=\"attachment-full size-full\" alt=\"\" \/>\n\t\t\t<\/div><\/figure><figure class='gallery-item'>\n\t\t\t<div class='gallery-icon landscape'>\n\t\t\t\t<img loading=\"lazy\" decoding=\"async\" width=\"200\" height=\"74\" src=\"https:\/\/planmur.com.br\/wp-content\/uploads\/2018\/05\/P_LOGO_05-e1526040595531.jpg\" class=\"attachment-full size-full\" alt=\"\" \/>\n\t\t\t<\/div><\/figure><figure class='gallery-item'>\n\t\t\t<div class='gallery-icon landscape'>\n\t\t\t\t<img loading=\"lazy\" decoding=\"async\" width=\"200\" height=\"74\" src=\"https:\/\/planmur.com.br\/wp-content\/uploads\/2018\/05\/P_LOGO_06-e1526040605841.jpg\" class=\"attachment-full size-full\" alt=\"\" \/>\n\t\t\t<\/div><\/figure><figure class='gallery-item'>\n\t\t\t<div class='gallery-icon landscape'>\n\t\t\t\t<img loading=\"lazy\" decoding=\"async\" width=\"200\" height=\"74\" src=\"https:\/\/planmur.com.br\/wp-content\/uploads\/2018\/05\/P_LOGO_07-e1526040615701.jpg\" class=\"attachment-full size-full\" alt=\"\" \/>\n\t\t\t<\/div><\/figure><figure class='gallery-item'>\n\t\t\t<div class='gallery-icon landscape'>\n\t\t\t\t<img loading=\"lazy\" decoding=\"async\" width=\"200\" height=\"74\" src=\"https:\/\/planmur.com.br\/wp-content\/uploads\/2018\/05\/P_LOGO_08-e1526040632447.jpg\" class=\"attachment-full size-full\" alt=\"\" \/>\n\t\t\t<\/div><\/figure><figure class='gallery-item'>\n\t\t\t<div class='gallery-icon landscape'>\n\t\t\t\t<img loading=\"lazy\" decoding=\"async\" width=\"200\" height=\"74\" src=\"https:\/\/planmur.com.br\/wp-content\/uploads\/2018\/05\/P_LOGO_09-e1526040645520.jpg\" class=\"attachment-full size-full\" alt=\"\" \/>\n\t\t\t<\/div><\/figure>\n\t\t<\/div>\n\n<p>&nbsp;<\/p>\n<\/div>\n<\/div><\/div><\/div><div id=\"pgc-61-0-2\"  class=\"panel-grid-cell panel-grid-cell-empty\" ><\/div><\/div><\/div>","protected":false},"excerpt":{"rendered":"<p>&nbsp; Quem j\u00e1 atendemos. INICIATIVA PRIVADA ADMINISTRA\u00c7\u00c3O P\u00daBLICA &nbsp;<\/p>\n","protected":false},"author":1,"featured_media":0,"parent":0,"menu_order":30,"comment_status":"closed","ping_status":"closed","template":"","meta":{"footnotes":""},"class_list":["post-61","page","type-page","status-publish","hentry"],"_links":{"self":[{"href":"https:\/\/planmur.com.br\/index.php?rest_route=\/wp\/v2\/pages\/61","targetHints":{"allow":["GET"]}}],"collection":[{"href":"https:\/\/planmur.com.br\/index.php?rest_route=\/wp\/v2\/pages"}],"about":[{"href":"https:\/\/planmur.com.br\/index.php?rest_route=\/wp\/v2\/types\/page"}],"author":[{"embeddable":true,"href":"https:\/\/planmur.com.br\/index.php?rest_route=\/wp\/v2\/users\/1"}],"replies":[{"embeddable":true,"href":"https:\/\/planmur.com.br\/index.php?rest_route=%2Fwp%2Fv2%2Fcomments&post=61"}],"version-history":[{"count":82,"href":"https:\/\/planmur.com.br\/index.php?rest_route=\/wp\/v2\/pages\/61\/revisions"}],"predecessor-version":[{"id":460,"href":"https:\/\/planmur.com.br\/index.php?rest_route=\/wp\/v2\/pages\/61\/revisions\/460"}],"wp:attachment":[{"href":"https:\/\/planmur.com.br\/index.php?rest_route=%2Fwp%2Fv2%2Fmedia&parent=61"}],"curies":[{"name":"wp","href":"https:\/\/api.w.org\/{rel}","templated":true}]}}