{"id":534,"date":"2018-07-17T10:05:16","date_gmt":"2018-07-17T13:05:16","guid":{"rendered":"http:\/\/planmur.com.br\/?page_id=534"},"modified":"2018-07-17T11:39:57","modified_gmt":"2018-07-17T14:39:57","slug":"rti2012","status":"publish","type":"page","link":"https:\/\/planmur.com.br\/?page_id=534","title":{"rendered":"RTI2012"},"content":{"rendered":"<div id=\"pl-534\"  class=\"panel-layout\" ><div id=\"pg-534-0\"  class=\"panel-grid panel-no-style\" ><div id=\"pgc-534-0-0\"  class=\"panel-grid-cell panel-grid-cell-empty\" ><\/div><div id=\"pgc-534-0-1\"  class=\"panel-grid-cell panel-grid-cell-mobile-last\" ><div id=\"panel-534-0-1-0\" class=\"so-panel widget widget_black-studio-tinymce widget_black_studio_tinymce panel-first-child panel-last-child\" data-index=\"0\" ><div class=\"textwidget\"><p><img loading=\"lazy\" decoding=\"async\" class=\"aligncenter size-full wp-image-536\" src=\"http:\/\/planmur.com.br\/wp-content\/uploads\/2018\/07\/TIT_RIT_2012.jpg\" alt=\"\" width=\"971\" height=\"38\" srcset=\"https:\/\/planmur.com.br\/wp-content\/uploads\/2018\/07\/TIT_RIT_2012.jpg 971w, https:\/\/planmur.com.br\/wp-content\/uploads\/2018\/07\/TIT_RIT_2012-300x12.jpg 300w, https:\/\/planmur.com.br\/wp-content\/uploads\/2018\/07\/TIT_RIT_2012-768x30.jpg 768w\" sizes=\"auto, (max-width: 971px) 100vw, 971px\" \/><\/p>\n<p><span style=\"font-family: helvetica, arial, sans-serif;\"><strong>001 RIT Empreendimento Residencial em Santos<\/strong><\/span><\/p>\n<p><div id='gallery-1' class='gallery galleryid-534 gallery-columns-2 gallery-size-medium'><figure class='gallery-item'>\n\t\t\t<div class='gallery-icon landscape'>\n\t\t\t\t<a href='https:\/\/planmur.com.br\/wp-content\/uploads\/2018\/07\/SANTOS_2012_01.jpg' title=\"\" data-rl_title=\"\" class=\"rl-gallery-link\" data-rl_caption=\"\" data-rel=\"lightbox-gallery-1\"><img loading=\"lazy\" decoding=\"async\" width=\"300\" height=\"218\" src=\"https:\/\/planmur.com.br\/wp-content\/uploads\/2018\/07\/SANTOS_2012_01-300x218.jpg\" class=\"attachment-medium size-medium\" alt=\"\" srcset=\"https:\/\/planmur.com.br\/wp-content\/uploads\/2018\/07\/SANTOS_2012_01-300x218.jpg 300w, https:\/\/planmur.com.br\/wp-content\/uploads\/2018\/07\/SANTOS_2012_01.jpg 700w\" sizes=\"auto, (max-width: 300px) 100vw, 300px\" \/><\/a>\n\t\t\t<\/div><\/figure><figure class='gallery-item'>\n\t\t\t<div class='gallery-icon landscape'>\n\t\t\t\t<a href='https:\/\/planmur.com.br\/wp-content\/uploads\/2018\/07\/SANTOS_2012_02.jpg' title=\"\" data-rl_title=\"\" class=\"rl-gallery-link\" data-rl_caption=\"\" data-rel=\"lightbox-gallery-1\"><img loading=\"lazy\" decoding=\"async\" width=\"300\" height=\"218\" src=\"https:\/\/planmur.com.br\/wp-content\/uploads\/2018\/07\/SANTOS_2012_02-300x218.jpg\" class=\"attachment-medium size-medium\" alt=\"\" srcset=\"https:\/\/planmur.com.br\/wp-content\/uploads\/2018\/07\/SANTOS_2012_02-300x218.jpg 300w, https:\/\/planmur.com.br\/wp-content\/uploads\/2018\/07\/SANTOS_2012_02.jpg 700w\" sizes=\"auto, (max-width: 300px) 100vw, 300px\" \/><\/a>\n\t\t\t<\/div><\/figure>\n\t\t<\/div>\n<\/p>\n<p style=\"text-align: justify;\"><span style=\"font-family: helvetica, arial, sans-serif; font-size: 14px;\"><strong>Descri\u00e7\u00e3o:<\/strong> Relat\u00f3rio de Impacto no Tr\u00e1fego (RIT) para aprova\u00e7\u00e3o de empreendimento multifuncional em Santos\/ SP, localizado \u00e0 Rua Alexandre Gusm\u00e3o, contendo:<\/span><br \/>\n<span style=\"font-family: helvetica, arial, sans-serif; font-size: 14px;\">- Hotel com 240 quartos;<\/span><br \/>\n<span style=\"font-family: helvetica, arial, sans-serif; font-size: 14px;\">- Salas Comerciais com 345 unidades<\/span><br \/>\n<span style=\"font-family: helvetica, arial, sans-serif; font-size: 14px;\">- Lojas (08 unidades).<\/span><\/p>\n<p><span style=\"font-family: helvetica, arial, sans-serif; font-size: 14px;\"><strong>Localiza\u00e7\u00e3o:<\/strong> R. Alexandre de Gusm\u00e3o<\/span><\/p>\n<p><span style=\"font-family: helvetica, arial, sans-serif; font-size: 14px;\"><strong>Contratante:<\/strong> Odebrecht Realiza\u00e7\u00f5es Imobili\u00e1rias<\/span><\/p>\n<p><span style=\"font-family: helvetica, arial, sans-serif; font-size: 14px;\"><strong>Elabora\u00e7\u00e3o:<\/strong> Mar\u00e7o\/ 2012<\/span><\/p>\n<p><span style=\"font-family: helvetica, arial, sans-serif; font-size: 14px;\"><strong>Aprova\u00e7\u00e3o<\/strong>: Dezembro\/ 2012<\/span><\/p>\n<p><span style=\"font-family: helvetica, arial, sans-serif; font-size: 14px;\"><strong>RRT :<\/strong> 215040<\/span><\/p>\n<p><span style=\"font-family: helvetica, arial, sans-serif; font-size: 14px;\"><strong>C\u00f3d Planmur:<\/strong> 2012-112<\/span><\/p>\n<p>&nbsp;<\/p>\n<p><strong><span style=\"font-family: helvetica, arial, sans-serif; font-size: 16px;\">002 RIT Empreendimento Residencial em Jundia\u00ed<\/span><\/strong><\/p>\n<p><div id='gallery-2' class='gallery galleryid-534 gallery-columns-2 gallery-size-medium'><figure class='gallery-item'>\n\t\t\t<div class='gallery-icon landscape'>\n\t\t\t\t<a href='https:\/\/planmur.com.br\/wp-content\/uploads\/2018\/07\/JUNDIAI_2012_01.jpg' title=\"\" data-rl_title=\"\" class=\"rl-gallery-link\" data-rl_caption=\"\" data-rel=\"lightbox-gallery-2\"><img loading=\"lazy\" decoding=\"async\" width=\"300\" height=\"209\" src=\"https:\/\/planmur.com.br\/wp-content\/uploads\/2018\/07\/JUNDIAI_2012_01-300x209.jpg\" class=\"attachment-medium size-medium\" alt=\"\" srcset=\"https:\/\/planmur.com.br\/wp-content\/uploads\/2018\/07\/JUNDIAI_2012_01-300x209.jpg 300w, https:\/\/planmur.com.br\/wp-content\/uploads\/2018\/07\/JUNDIAI_2012_01.jpg 700w\" sizes=\"auto, (max-width: 300px) 100vw, 300px\" \/><\/a>\n\t\t\t<\/div><\/figure><figure class='gallery-item'>\n\t\t\t<div class='gallery-icon landscape'>\n\t\t\t\t<a href='https:\/\/planmur.com.br\/wp-content\/uploads\/2018\/07\/JUNDIAI_2012_02.jpg' title=\"\" data-rl_title=\"\" class=\"rl-gallery-link\" data-rl_caption=\"\" data-rel=\"lightbox-gallery-2\"><img loading=\"lazy\" decoding=\"async\" width=\"300\" height=\"209\" src=\"https:\/\/planmur.com.br\/wp-content\/uploads\/2018\/07\/JUNDIAI_2012_02-300x209.jpg\" class=\"attachment-medium size-medium\" alt=\"\" srcset=\"https:\/\/planmur.com.br\/wp-content\/uploads\/2018\/07\/JUNDIAI_2012_02-300x209.jpg 300w, https:\/\/planmur.com.br\/wp-content\/uploads\/2018\/07\/JUNDIAI_2012_02.jpg 700w\" sizes=\"auto, (max-width: 300px) 100vw, 300px\" \/><\/a>\n\t\t\t<\/div><\/figure>\n\t\t<\/div>\n<\/p>\n<p style=\"text-align: justify;\"><span style=\"font-family: helvetica, arial, sans-serif; font-size: 14px;\"><strong>Descri\u00e7\u00e3o:<\/strong> Relat\u00f3rio de Impacto no Tr\u00e1fego (RIT) para aprova\u00e7\u00e3o de empreendimento comercial em Jundia\u00ed\/SP. O projeto \u00e9 composto de uma \u00fanica torre com 11 pavimentos tipo (excetuando garagens, mezanino e servi\u00e7os) com 12 conjuntos comerciais por pavimento, totalizando 132 unidades.<\/span><\/p>\n<p><span style=\"font-family: helvetica, arial, sans-serif; font-size: 14px;\"><strong>Localiza\u00e7\u00e3o:<\/strong> Av. Nove de Julho, 3290, Anhangaba\u00fa.<\/span><\/p>\n<p><span style=\"font-family: helvetica, arial, sans-serif; font-size: 14px;\"><strong>Contratante:<\/strong> ESSER<\/span><\/p>\n<p><span style=\"font-family: helvetica, arial, sans-serif; font-size: 14px;\"><strong>Elabora\u00e7\u00e3o:<\/strong> Setembro\/ 2012<\/span><\/p>\n<p><span style=\"font-family: helvetica, arial, sans-serif; font-size: 14px;\"><strong>Aprova\u00e7\u00e3o:<\/strong> Mar\u00e7o\/ 2013<\/span><\/p>\n<p><span style=\"font-family: helvetica, arial, sans-serif; font-size: 14px;\"><strong>RRT :<\/strong> 624787<\/span><\/p>\n<p><span style=\"font-family: helvetica, arial, sans-serif; font-size: 14px;\"><strong>C\u00f3d Planmur:<\/strong> 2012-142<\/span><\/p>\n<p>&nbsp;<\/p>\n<p><strong><span style=\"font-family: helvetica, arial, sans-serif;\">003 RIT Jundia\u00ed Galp\u00e3o Industrial II<\/span><\/strong><\/p>\n<p><div id='gallery-3' class='gallery galleryid-534 gallery-columns-2 gallery-size-medium'><figure class='gallery-item'>\n\t\t\t<div class='gallery-icon landscape'>\n\t\t\t\t<a href='https:\/\/planmur.com.br\/wp-content\/uploads\/2018\/07\/JUNDIAI_2012_03.jpg' title=\"\" data-rl_title=\"\" class=\"rl-gallery-link\" data-rl_caption=\"\" data-rel=\"lightbox-gallery-3\"><img loading=\"lazy\" decoding=\"async\" width=\"300\" height=\"187\" src=\"https:\/\/planmur.com.br\/wp-content\/uploads\/2018\/07\/JUNDIAI_2012_03-300x187.jpg\" class=\"attachment-medium size-medium\" alt=\"\" srcset=\"https:\/\/planmur.com.br\/wp-content\/uploads\/2018\/07\/JUNDIAI_2012_03-300x187.jpg 300w, https:\/\/planmur.com.br\/wp-content\/uploads\/2018\/07\/JUNDIAI_2012_03.jpg 700w\" sizes=\"auto, (max-width: 300px) 100vw, 300px\" \/><\/a>\n\t\t\t<\/div><\/figure><figure class='gallery-item'>\n\t\t\t<div class='gallery-icon landscape'>\n\t\t\t\t<a href='https:\/\/planmur.com.br\/wp-content\/uploads\/2018\/07\/JUNDIAI_2012_04.jpg' title=\"\" data-rl_title=\"\" class=\"rl-gallery-link\" data-rl_caption=\"\" data-rel=\"lightbox-gallery-3\"><img loading=\"lazy\" decoding=\"async\" width=\"300\" height=\"187\" src=\"https:\/\/planmur.com.br\/wp-content\/uploads\/2018\/07\/JUNDIAI_2012_04-300x187.jpg\" class=\"attachment-medium size-medium\" alt=\"\" srcset=\"https:\/\/planmur.com.br\/wp-content\/uploads\/2018\/07\/JUNDIAI_2012_04-300x187.jpg 300w, https:\/\/planmur.com.br\/wp-content\/uploads\/2018\/07\/JUNDIAI_2012_04.jpg 700w\" sizes=\"auto, (max-width: 300px) 100vw, 300px\" \/><\/a>\n\t\t\t<\/div><\/figure>\n\t\t<\/div>\n<\/p>\n<p><span style=\"font-family: helvetica, arial, sans-serif; font-size: 14px;\"><strong>Descri\u00e7\u00e3o<\/strong>: Relat\u00f3rio de Impacto no Tr\u00e1fego (RIT) para aprova\u00e7\u00e3o de galp\u00f5es industriais em Jundia\u00ed\/SP, com as seguintes caracter\u00edsticas:<\/span><br \/>\n<span style=\"font-family: helvetica, arial, sans-serif; font-size: 14px;\">- Terreno com 240.000 m2, <\/span><br \/>\n<span style=\"font-family: helvetica, arial, sans-serif; font-size: 14px;\">- \u00c1rea total constru\u00edda de 98.354 m2, distribu\u00eddas em tr\u00eas volumes, sendo:<\/span><br \/>\n<span style=\"font-family: helvetica, arial, sans-serif; font-size: 14px;\">- Galp\u00f5es 71.125 m2;<\/span><br \/>\n<span style=\"font-family: helvetica, arial, sans-serif; font-size: 14px;\">- Escrit\u00f3rios e Servi\u00e7os 6.100m2;<\/span><br \/>\n<span style=\"font-family: helvetica, arial, sans-serif; font-size: 14px;\">- Docas 21.129 m2.<\/span><\/p>\n<p><span style=\"font-family: helvetica, arial, sans-serif; font-size: 14px;\"><strong>Localiza\u00e7\u00e3o<\/strong>: Rodovia Vice Prefeito Hermenegildo Tonolli<\/span><\/p>\n<p><span style=\"font-family: helvetica, arial, sans-serif; font-size: 14px;\"><strong>Contratante<\/strong>: Abrasil arquitetura<\/span><\/p>\n<p><span style=\"font-family: helvetica, arial, sans-serif; font-size: 14px;\"><strong>Elabora\u00e7\u00e3o<\/strong>: Outubro\/ 2012<\/span><\/p>\n<p><span style=\"font-family: helvetica, arial, sans-serif; font-size: 14px;\"><strong>Aprova\u00e7\u00e3o:<\/strong> Setembro\/ 2015<\/span><\/p>\n<p><span style=\"font-family: helvetica, arial, sans-serif; font-size: 14px;\"><strong>RRT :<\/strong> 2747372<\/span><\/p>\n<p><span style=\"font-family: helvetica, arial, sans-serif; font-size: 14px;\"><strong>C\u00f3d Planmur:<\/strong> 2012-150<\/span><\/p>\n<p>&nbsp;<\/p>\n<p><strong><span style=\"font-family: helvetica, arial, sans-serif;\">004 RIT- Empreendimento Comercial S\u00e3o Jos\u00e9 dos Campos<\/span><\/strong><\/p>\n<p><div id='gallery-4' class='gallery galleryid-534 gallery-columns-2 gallery-size-medium'><figure class='gallery-item'>\n\t\t\t<div class='gallery-icon landscape'>\n\t\t\t\t<a href='https:\/\/planmur.com.br\/wp-content\/uploads\/2018\/07\/SJC_2012_01.jpg' title=\"\" data-rl_title=\"\" class=\"rl-gallery-link\" data-rl_caption=\"\" data-rel=\"lightbox-gallery-4\"><img loading=\"lazy\" decoding=\"async\" width=\"300\" height=\"203\" src=\"https:\/\/planmur.com.br\/wp-content\/uploads\/2018\/07\/SJC_2012_01-300x203.jpg\" class=\"attachment-medium size-medium\" alt=\"\" srcset=\"https:\/\/planmur.com.br\/wp-content\/uploads\/2018\/07\/SJC_2012_01-300x203.jpg 300w, https:\/\/planmur.com.br\/wp-content\/uploads\/2018\/07\/SJC_2012_01.jpg 700w\" sizes=\"auto, (max-width: 300px) 100vw, 300px\" \/><\/a>\n\t\t\t<\/div><\/figure><figure class='gallery-item'>\n\t\t\t<div class='gallery-icon landscape'>\n\t\t\t\t<a href='https:\/\/planmur.com.br\/wp-content\/uploads\/2018\/07\/SJC_2012_02.jpg' title=\"\" data-rl_title=\"\" class=\"rl-gallery-link\" data-rl_caption=\"\" data-rel=\"lightbox-gallery-4\"><img loading=\"lazy\" decoding=\"async\" width=\"300\" height=\"203\" src=\"https:\/\/planmur.com.br\/wp-content\/uploads\/2018\/07\/SJC_2012_02-300x203.jpg\" class=\"attachment-medium size-medium\" alt=\"\" srcset=\"https:\/\/planmur.com.br\/wp-content\/uploads\/2018\/07\/SJC_2012_02-300x203.jpg 300w, https:\/\/planmur.com.br\/wp-content\/uploads\/2018\/07\/SJC_2012_02.jpg 700w\" sizes=\"auto, (max-width: 300px) 100vw, 300px\" \/><\/a>\n\t\t\t<\/div><\/figure>\n\t\t<\/div>\n<\/p>\n<p style=\"text-align: justify;\"><span style=\"font-family: helvetica, arial, sans-serif; font-size: 14px;\"><strong>Descri\u00e7\u00e3o:<\/strong> Relat\u00f3rio de Impacto no Tr\u00e1fego (RIT) para aprova\u00e7\u00e3o empreendimento comercial,\u00a0 no Bairro Vila Industrial em S\u00e3o Jos\u00e9 dos Campos. O projeto conta com as seguintes caracter\u00edsticas:<\/span><br \/>\n<span style=\"font-family: helvetica, arial, sans-serif; font-size: 14px;\">- \u00c1rea da Gleba: 17.039,37 m2,<\/span><br \/>\n<span style=\"font-family: helvetica, arial, sans-serif; font-size: 14px;\">- \u00c1rea total Constru\u00edda: 11.225,22 m2,<\/span><\/p>\n<p><span style=\"font-family: helvetica, arial, sans-serif; font-size: 14px;\"><strong>Localiza\u00e7\u00e3o:<\/strong> Avenida Presidente Juscelino Kubitschek de Oliveira<\/span><\/p>\n<p><span style=\"font-family: helvetica, arial, sans-serif; font-size: 14px;\"><strong>Contratante:<\/strong> HAVAN<\/span><\/p>\n<p><span style=\"font-family: helvetica, arial, sans-serif; font-size: 14px;\"><strong>Elabora\u00e7\u00e3o:<\/strong> Dezembro\/ 2012<\/span><\/p>\n<p><span style=\"font-family: helvetica, arial, sans-serif; font-size: 14px;\"><strong>Aprova\u00e7\u00e3o:<\/strong> Mar\u00e7o\/ 2013<\/span><\/p>\n<p><span style=\"font-family: helvetica, arial, sans-serif; font-size: 14px;\"><strong>C\u00f3d Planmur:<\/strong> 2012-166<\/span><\/p>\n<p>&nbsp;<\/p>\n<p><strong><span style=\"font-family: helvetica, arial, sans-serif;\">005 RIT- Empreendimento Misto em Santos<\/span><\/strong><\/p>\n<p><div id='gallery-5' class='gallery galleryid-534 gallery-columns-2 gallery-size-medium'><figure class='gallery-item'>\n\t\t\t<div class='gallery-icon landscape'>\n\t\t\t\t<a href='https:\/\/planmur.com.br\/wp-content\/uploads\/2018\/07\/SANTOS_2012_03.jpg' title=\"\" data-rl_title=\"\" class=\"rl-gallery-link\" data-rl_caption=\"\" data-rel=\"lightbox-gallery-5\"><img loading=\"lazy\" decoding=\"async\" width=\"300\" height=\"204\" src=\"https:\/\/planmur.com.br\/wp-content\/uploads\/2018\/07\/SANTOS_2012_03-300x204.jpg\" class=\"attachment-medium size-medium\" alt=\"\" srcset=\"https:\/\/planmur.com.br\/wp-content\/uploads\/2018\/07\/SANTOS_2012_03-300x204.jpg 300w, https:\/\/planmur.com.br\/wp-content\/uploads\/2018\/07\/SANTOS_2012_03.jpg 700w\" sizes=\"auto, (max-width: 300px) 100vw, 300px\" \/><\/a>\n\t\t\t<\/div><\/figure><figure class='gallery-item'>\n\t\t\t<div class='gallery-icon landscape'>\n\t\t\t\t<a href='https:\/\/planmur.com.br\/wp-content\/uploads\/2018\/07\/SANTOS_2012_04.jpg' title=\"\" data-rl_title=\"\" class=\"rl-gallery-link\" data-rl_caption=\"\" data-rel=\"lightbox-gallery-5\"><img loading=\"lazy\" decoding=\"async\" width=\"300\" height=\"204\" src=\"https:\/\/planmur.com.br\/wp-content\/uploads\/2018\/07\/SANTOS_2012_04-300x204.jpg\" class=\"attachment-medium size-medium\" alt=\"\" srcset=\"https:\/\/planmur.com.br\/wp-content\/uploads\/2018\/07\/SANTOS_2012_04-300x204.jpg 300w, https:\/\/planmur.com.br\/wp-content\/uploads\/2018\/07\/SANTOS_2012_04.jpg 700w\" sizes=\"auto, (max-width: 300px) 100vw, 300px\" \/><\/a>\n\t\t\t<\/div><\/figure>\n\t\t<\/div>\n<\/p>\n<p style=\"text-align: justify;\"><span style=\"font-family: helvetica, arial, sans-serif; font-size: 14px;\"><strong>Descri\u00e7\u00e3o:<\/strong> Relat\u00f3rio de Impacto no Tr\u00e1fego (RIT) para aprova\u00e7\u00e3o de empreendimento de uso misto em Santos\/ SP com as seguintes caracter\u00edsticas. Projeto composto por 4 Torres Residenciais com o total de 960 unidades, e 8 lojas com 50m\u00b2 cada. \u00c1rea total Constru\u00edda: 87.135,95m\u00b2 - (24 Pavimentos por Torre).<\/span><\/p>\n<p><span style=\"font-family: helvetica, arial, sans-serif; font-size: 14px;\"><strong>Localiza\u00e7\u00e3o:<\/strong> Av. Rangel Pestana, 380 \u2013 Nova Cintra \u2013 Santos \/ SP.<\/span><\/p>\n<p><span style=\"font-family: helvetica, arial, sans-serif; font-size: 14px;\"><strong>Contratante<\/strong>: Kallas<\/span><\/p>\n<p><span style=\"font-family: helvetica, arial, sans-serif; font-size: 14px;\"><strong>Elabora\u00e7\u00e3o:<\/strong> Mar\u00e7o\/ 2012<\/span><\/p>\n<p><span style=\"font-family: helvetica, arial, sans-serif; font-size: 14px;\"><strong>Aprova\u00e7\u00e3o:<\/strong> Maio\/ 2012<\/span><\/p>\n<p><span style=\"font-family: helvetica, arial, sans-serif; font-size: 14px;\"><strong>RRT :<\/strong> 173872<\/span><\/p>\n<p><span style=\"font-family: helvetica, arial, sans-serif; font-size: 14px;\"><strong>C\u00f3d Planmur:<\/strong> 2012-108<\/span><\/p>\n<p>&nbsp;<\/p>\n<\/div><\/div><\/div><div id=\"pgc-534-0-2\"  class=\"panel-grid-cell panel-grid-cell-empty\" ><\/div><\/div><\/div>","protected":false},"excerpt":{"rendered":"<p>001 RIT Empreendimento Residencial em Santos Descri\u00e7\u00e3o: Relat\u00f3rio de Impacto no Tr\u00e1fego (RIT) para aprova\u00e7\u00e3o de empreendimento multifuncional em Santos\/ SP, localizado \u00e0 Rua Alexandre Gusm\u00e3o, contendo: &#8211; Hotel com 240 quartos; &#8211; Salas Comerciais com 345 unidades &#8211; Lojas<\/p>\n","protected":false},"author":1,"featured_media":0,"parent":0,"menu_order":121,"comment_status":"closed","ping_status":"closed","template":"","meta":{"footnotes":""},"class_list":["post-534","page","type-page","status-publish","hentry"],"_links":{"self":[{"href":"https:\/\/planmur.com.br\/index.php?rest_route=\/wp\/v2\/pages\/534","targetHints":{"allow":["GET"]}}],"collection":[{"href":"https:\/\/planmur.com.br\/index.php?rest_route=\/wp\/v2\/pages"}],"about":[{"href":"https:\/\/planmur.com.br\/index.php?rest_route=\/wp\/v2\/types\/page"}],"author":[{"embeddable":true,"href":"https:\/\/planmur.com.br\/index.php?rest_route=\/wp\/v2\/users\/1"}],"replies":[{"embeddable":true,"href":"https:\/\/planmur.com.br\/index.php?rest_route=%2Fwp%2Fv2%2Fcomments&post=534"}],"version-history":[{"count":24,"href":"https:\/\/planmur.com.br\/index.php?rest_route=\/wp\/v2\/pages\/534\/revisions"}],"predecessor-version":[{"id":571,"href":"https:\/\/planmur.com.br\/index.php?rest_route=\/wp\/v2\/pages\/534\/revisions\/571"}],"wp:attachment":[{"href":"https:\/\/planmur.com.br\/index.php?rest_route=%2Fwp%2Fv2%2Fmedia&parent=534"}],"curies":[{"name":"wp","href":"https:\/\/api.w.org\/{rel}","templated":true}]}}