{"id":483,"date":"2018-07-16T16:13:39","date_gmt":"2018-07-16T19:13:39","guid":{"rendered":"http:\/\/planmur.com.br\/?page_id=483"},"modified":"2018-07-30T11:29:01","modified_gmt":"2018-07-30T14:29:01","slug":"rti2011","status":"publish","type":"page","link":"https:\/\/planmur.com.br\/?page_id=483","title":{"rendered":"RTI2011"},"content":{"rendered":"<div id=\"pl-483\"  class=\"panel-layout\" ><div id=\"pg-483-0\"  class=\"panel-grid panel-no-style\" ><div id=\"pgc-483-0-0\"  class=\"panel-grid-cell panel-grid-cell-empty\" ><\/div><div id=\"pgc-483-0-1\"  class=\"panel-grid-cell panel-grid-cell-mobile-last\" ><div id=\"panel-483-0-1-0\" class=\"so-panel widget widget_black-studio-tinymce widget_black_studio_tinymce panel-first-child panel-last-child\" data-index=\"0\" ><div class=\"textwidget\"><p><img loading=\"lazy\" decoding=\"async\" class=\"aligncenter size-full wp-image-490\" src=\"http:\/\/planmur.com.br\/wp-content\/uploads\/2018\/07\/TIT_RIT_2011.jpg\" alt=\"\" width=\"971\" height=\"38\" srcset=\"https:\/\/planmur.com.br\/wp-content\/uploads\/2018\/07\/TIT_RIT_2011.jpg 971w, https:\/\/planmur.com.br\/wp-content\/uploads\/2018\/07\/TIT_RIT_2011-300x12.jpg 300w, https:\/\/planmur.com.br\/wp-content\/uploads\/2018\/07\/TIT_RIT_2011-768x30.jpg 768w\" sizes=\"auto, (max-width: 971px) 100vw, 971px\" \/><br \/>\n<span style=\"font-family: helvetica, arial, sans-serif;\"><strong>001 RIT Comercial Aruj\u00e1<\/strong><\/span><\/p>\n<p><div id='gallery-1' class='gallery galleryid-483 gallery-columns-2 gallery-size-medium'><figure class='gallery-item'>\n\t\t\t<div class='gallery-icon landscape'>\n\t\t\t\t<a href='https:\/\/planmur.com.br\/wp-content\/uploads\/2018\/07\/ARUJA-001.jpg' title=\"\" data-rl_title=\"\" class=\"rl-gallery-link\" data-rl_caption=\"\" data-rel=\"lightbox-gallery-1\"><img loading=\"lazy\" decoding=\"async\" width=\"300\" height=\"200\" src=\"https:\/\/planmur.com.br\/wp-content\/uploads\/2018\/07\/ARUJA-001-300x200.jpg\" class=\"attachment-medium size-medium\" alt=\"\" srcset=\"https:\/\/planmur.com.br\/wp-content\/uploads\/2018\/07\/ARUJA-001-300x200.jpg 300w, https:\/\/planmur.com.br\/wp-content\/uploads\/2018\/07\/ARUJA-001-272x182.jpg 272w, https:\/\/planmur.com.br\/wp-content\/uploads\/2018\/07\/ARUJA-001.jpg 600w\" sizes=\"auto, (max-width: 300px) 100vw, 300px\" \/><\/a>\n\t\t\t<\/div><\/figure><figure class='gallery-item'>\n\t\t\t<div class='gallery-icon landscape'>\n\t\t\t\t<a href='https:\/\/planmur.com.br\/wp-content\/uploads\/2018\/07\/ARUJA-002.jpg' title=\"\" data-rl_title=\"\" class=\"rl-gallery-link\" data-rl_caption=\"\" data-rel=\"lightbox-gallery-1\"><img loading=\"lazy\" decoding=\"async\" width=\"300\" height=\"200\" src=\"https:\/\/planmur.com.br\/wp-content\/uploads\/2018\/07\/ARUJA-002-300x200.jpg\" class=\"attachment-medium size-medium\" alt=\"\" srcset=\"https:\/\/planmur.com.br\/wp-content\/uploads\/2018\/07\/ARUJA-002-300x200.jpg 300w, https:\/\/planmur.com.br\/wp-content\/uploads\/2018\/07\/ARUJA-002-272x182.jpg 272w, https:\/\/planmur.com.br\/wp-content\/uploads\/2018\/07\/ARUJA-002.jpg 600w\" sizes=\"auto, (max-width: 300px) 100vw, 300px\" \/><\/a>\n\t\t\t<\/div><\/figure>\n\t\t<\/div>\n<\/p>\n<p><span style=\"font-family: helvetica, arial, sans-serif; font-size: 14px;\"><strong>Descri\u00e7\u00e3o:<\/strong> Relat\u00f3rio de Impacto de Tr\u00e1fego (RIT) para aprova\u00e7\u00e3o de supermercado em Aruj\u00e1\/ SP.<\/span><\/p>\n<p><span style=\"font-family: helvetica, arial, sans-serif; font-size: 14px;\"><strong>Localiza\u00e7\u00e3o:<\/strong> R. Ademar de Barros, 188<\/span><\/p>\n<p><span style=\"font-family: helvetica, arial, sans-serif; font-size: 14px;\"><strong>Contratante:<\/strong> Sonda Supermercados<\/span><\/p>\n<p><span style=\"font-family: helvetica, arial, sans-serif; font-size: 14px;\"><strong>Elabora\u00e7\u00e3o:<\/strong> Setembro\/ 2010<\/span><\/p>\n<p><span style=\"font-family: helvetica, arial, sans-serif; font-size: 14px;\"><strong>Aprova\u00e7\u00e3o:<\/strong> Mar\u00e7o\/ 2011<\/span><\/p>\n<p><span style=\"font-family: helvetica, arial, sans-serif; font-size: 14px;\"><strong>ART :<\/strong> 92221220102250228<\/span><\/p>\n<p>&nbsp;<\/p>\n<p><span style=\"font-size: 16px;\"><strong><span style=\"font-family: helvetica, arial, sans-serif;\">002 RIT para empreendimento multifuncional (hotel e resid\u00eancia) em Santos\/ SP<\/span><\/strong><\/span><\/p>\n<p><div id='gallery-2' class='gallery galleryid-483 gallery-columns-4 gallery-size-medium'><figure class='gallery-item'>\n\t\t\t<div class='gallery-icon landscape'>\n\t\t\t\t<a href='https:\/\/planmur.com.br\/wp-content\/uploads\/2018\/07\/SANTOS_001.jpg' title=\"\" data-rl_title=\"\" class=\"rl-gallery-link\" data-rl_caption=\"\" data-rel=\"lightbox-gallery-2\"><img loading=\"lazy\" decoding=\"async\" width=\"300\" height=\"221\" src=\"https:\/\/planmur.com.br\/wp-content\/uploads\/2018\/07\/SANTOS_001-300x221.jpg\" class=\"attachment-medium size-medium\" alt=\"\" srcset=\"https:\/\/planmur.com.br\/wp-content\/uploads\/2018\/07\/SANTOS_001-300x221.jpg 300w, https:\/\/planmur.com.br\/wp-content\/uploads\/2018\/07\/SANTOS_001.jpg 700w\" sizes=\"auto, (max-width: 300px) 100vw, 300px\" \/><\/a>\n\t\t\t<\/div><\/figure><figure class='gallery-item'>\n\t\t\t<div class='gallery-icon landscape'>\n\t\t\t\t<a href='https:\/\/planmur.com.br\/wp-content\/uploads\/2018\/07\/SANTOS_002.jpg' title=\"\" data-rl_title=\"\" class=\"rl-gallery-link\" data-rl_caption=\"\" data-rel=\"lightbox-gallery-2\"><img loading=\"lazy\" decoding=\"async\" width=\"300\" height=\"221\" src=\"https:\/\/planmur.com.br\/wp-content\/uploads\/2018\/07\/SANTOS_002-300x221.jpg\" class=\"attachment-medium size-medium\" alt=\"\" srcset=\"https:\/\/planmur.com.br\/wp-content\/uploads\/2018\/07\/SANTOS_002-300x221.jpg 300w, https:\/\/planmur.com.br\/wp-content\/uploads\/2018\/07\/SANTOS_002.jpg 700w\" sizes=\"auto, (max-width: 300px) 100vw, 300px\" \/><\/a>\n\t\t\t<\/div><\/figure><figure class='gallery-item'>\n\t\t\t<div class='gallery-icon landscape'>\n\t\t\t\t<a href='https:\/\/planmur.com.br\/wp-content\/uploads\/2018\/07\/SANTOS_003.jpg' title=\"\" data-rl_title=\"\" class=\"rl-gallery-link\" data-rl_caption=\"\" data-rel=\"lightbox-gallery-2\"><img loading=\"lazy\" decoding=\"async\" width=\"300\" height=\"221\" src=\"https:\/\/planmur.com.br\/wp-content\/uploads\/2018\/07\/SANTOS_003-300x221.jpg\" class=\"attachment-medium size-medium\" alt=\"\" srcset=\"https:\/\/planmur.com.br\/wp-content\/uploads\/2018\/07\/SANTOS_003-300x221.jpg 300w, https:\/\/planmur.com.br\/wp-content\/uploads\/2018\/07\/SANTOS_003.jpg 700w\" sizes=\"auto, (max-width: 300px) 100vw, 300px\" \/><\/a>\n\t\t\t<\/div><\/figure><figure class='gallery-item'>\n\t\t\t<div class='gallery-icon landscape'>\n\t\t\t\t<a href='https:\/\/planmur.com.br\/wp-content\/uploads\/2018\/07\/SANTOS_004.jpg' title=\"\" data-rl_title=\"\" class=\"rl-gallery-link\" data-rl_caption=\"\" data-rel=\"lightbox-gallery-2\"><img loading=\"lazy\" decoding=\"async\" width=\"300\" height=\"221\" src=\"https:\/\/planmur.com.br\/wp-content\/uploads\/2018\/07\/SANTOS_004-300x221.jpg\" class=\"attachment-medium size-medium\" alt=\"\" srcset=\"https:\/\/planmur.com.br\/wp-content\/uploads\/2018\/07\/SANTOS_004-300x221.jpg 300w, https:\/\/planmur.com.br\/wp-content\/uploads\/2018\/07\/SANTOS_004.jpg 700w\" sizes=\"auto, (max-width: 300px) 100vw, 300px\" \/><\/a>\n\t\t\t<\/div><\/figure>\n\t\t<\/div>\n<\/p>\n<p><span style=\"font-family: helvetica, arial, sans-serif; font-size: 14px;\"><strong>Descri\u00e7\u00e3o:<\/strong> Elabora\u00e7\u00e3o de RIT para empreendimento multifuncional (hotel e resid\u00eancia) em Santos\/ SP - Terreno de 5.480,00 m2.<\/span><\/p>\n<p style=\"text-align: justify;\"><span style=\"font-family: helvetica, arial, sans-serif; font-size: 14px;\"><strong>Programa:<\/strong> subsolo, t\u00e9rreo, mezanino, 03 pavimentos de clube, 28 pavimentos de hotel, 03 pavimentos de edif\u00edcio garagem, 03 pavimentos de lazer para a \u00e1rea residencial, 23 pavimentos tipo residencial, duplex inferior, duplex posterior, \u00e1tico e cobertura<\/span><\/p>\n<p><span style=\"font-family: helvetica, arial, sans-serif; font-size: 14px;\"><strong>Localiza\u00e7\u00e3o:<\/strong> Entre a Av. Ana Costa e a R. Jos\u00e9 Caballero.<\/span><\/p>\n<p><span style=\"font-family: helvetica, arial, sans-serif; font-size: 14px;\"><strong>Contratante:<\/strong> Odebrecht Realiza\u00e7\u00f5es Imobili\u00e1rias<\/span><\/p>\n<p><span style=\"font-family: helvetica, arial, sans-serif; font-size: 14px;\"><strong>Elabora\u00e7\u00e3o:<\/strong> Agosto\/ 2011<\/span><\/p>\n<p><span style=\"font-family: helvetica, arial, sans-serif; font-size: 14px;\"><strong>Aprova\u00e7\u00e3o<\/strong>: Dezembro\/ 2011<\/span><\/p>\n<p><span style=\"font-family: helvetica, arial, sans-serif; font-size: 14px;\"><strong>C\u00f3d Planmur:<\/strong> 2011-120<\/span><\/p>\n<p>&nbsp;<\/p>\n<p><span style=\"font-family: helvetica, arial, sans-serif;\"><strong>003 RIT Uso Misto em Santos\/ SP<\/strong><\/span><\/p>\n<p><div id='gallery-3' class='gallery galleryid-483 gallery-columns-2 gallery-size-medium'><figure class='gallery-item'>\n\t\t\t<div class='gallery-icon landscape'>\n\t\t\t\t<a href='https:\/\/planmur.com.br\/wp-content\/uploads\/2018\/07\/SANTOS_006.jpg' title=\"\" data-rl_title=\"\" class=\"rl-gallery-link\" data-rl_caption=\"\" data-rel=\"lightbox-gallery-3\"><img loading=\"lazy\" decoding=\"async\" width=\"300\" height=\"218\" src=\"https:\/\/planmur.com.br\/wp-content\/uploads\/2018\/07\/SANTOS_006-300x218.jpg\" class=\"attachment-medium size-medium\" alt=\"\" srcset=\"https:\/\/planmur.com.br\/wp-content\/uploads\/2018\/07\/SANTOS_006-300x218.jpg 300w, https:\/\/planmur.com.br\/wp-content\/uploads\/2018\/07\/SANTOS_006.jpg 700w\" sizes=\"auto, (max-width: 300px) 100vw, 300px\" \/><\/a>\n\t\t\t<\/div><\/figure><figure class='gallery-item'>\n\t\t\t<div class='gallery-icon landscape'>\n\t\t\t\t<a href='https:\/\/planmur.com.br\/wp-content\/uploads\/2018\/07\/SANTOS_005.jpg' title=\"\" data-rl_title=\"\" class=\"rl-gallery-link\" data-rl_caption=\"\" data-rel=\"lightbox-gallery-3\"><img loading=\"lazy\" decoding=\"async\" width=\"300\" height=\"218\" src=\"https:\/\/planmur.com.br\/wp-content\/uploads\/2018\/07\/SANTOS_005-300x218.jpg\" class=\"attachment-medium size-medium\" alt=\"\" srcset=\"https:\/\/planmur.com.br\/wp-content\/uploads\/2018\/07\/SANTOS_005-300x218.jpg 300w, https:\/\/planmur.com.br\/wp-content\/uploads\/2018\/07\/SANTOS_005.jpg 700w\" sizes=\"auto, (max-width: 300px) 100vw, 300px\" \/><\/a>\n\t\t\t<\/div><\/figure>\n\t\t<\/div>\n<\/p>\n<p style=\"text-align: justify;\"><span style=\"font-family: helvetica, arial, sans-serif; font-size: 14px;\"><strong>Descri\u00e7\u00e3o:<\/strong> Relat\u00f3rio de Impacto de Tr\u00e1fego (RIT) para aprova\u00e7\u00e3o de edif\u00edcio de uso m\u00faltiplo com 33 pavimentos residenciais e 2 comerciais (\u00e1rea de vendas comportar\u00e1 um total de 2.292,38 m2, distribu\u00edda respectivamente em cada pavimento, em 1.496,51 m2 e 795,87 m2) em Santos\/ SP.<\/span><\/p>\n<p><span style=\"font-family: helvetica, arial, sans-serif; font-size: 14px;\"><strong>Localiza\u00e7\u00e3o<\/strong>: Av. Presidente Wilson, entre as Ruas Maranh\u00e3o e Olavo Bilac em Santos\/SP.<\/span><\/p>\n<p><span style=\"font-family: helvetica, arial, sans-serif; font-size: 14px;\"><strong>Contratante:<\/strong> Yuni Incorporadora<\/span><\/p>\n<p><span style=\"font-family: helvetica, arial, sans-serif; font-size: 14px;\"><strong>Elabora\u00e7\u00e3o:<\/strong> Novembro\/ 2011<\/span><\/p>\n<p><span style=\"font-family: helvetica, arial, sans-serif; font-size: 14px;\"><strong>Aprova\u00e7\u00e3o:<\/strong> Dezembro\/ 2012<\/span><\/p>\n<p><span style=\"font-family: helvetica, arial, sans-serif; font-size: 14px;\"><strong>ART :<\/strong> 92221220111346498<\/span><\/p>\n<p>&nbsp;<\/p>\n<p><span style=\"font-family: helvetica, arial, sans-serif;\"><strong>004 RIT Empreendimento Residencial em Jundia\u00ed<\/strong><\/span><\/p>\n<p><div id='gallery-4' class='gallery galleryid-483 gallery-columns-2 gallery-size-medium'><figure class='gallery-item'>\n\t\t\t<div class='gallery-icon landscape'>\n\t\t\t\t<a href='https:\/\/planmur.com.br\/wp-content\/uploads\/2018\/07\/JUNDIAI_001.jpg' title=\"\" data-rl_title=\"\" class=\"rl-gallery-link\" data-rl_caption=\"\" data-rel=\"lightbox-gallery-4\"><img loading=\"lazy\" decoding=\"async\" width=\"300\" height=\"201\" src=\"https:\/\/planmur.com.br\/wp-content\/uploads\/2018\/07\/JUNDIAI_001-300x201.jpg\" class=\"attachment-medium size-medium\" alt=\"\" srcset=\"https:\/\/planmur.com.br\/wp-content\/uploads\/2018\/07\/JUNDIAI_001-300x201.jpg 300w, https:\/\/planmur.com.br\/wp-content\/uploads\/2018\/07\/JUNDIAI_001-272x182.jpg 272w, https:\/\/planmur.com.br\/wp-content\/uploads\/2018\/07\/JUNDIAI_001.jpg 700w\" sizes=\"auto, (max-width: 300px) 100vw, 300px\" \/><\/a>\n\t\t\t<\/div><\/figure><figure class='gallery-item'>\n\t\t\t<div class='gallery-icon landscape'>\n\t\t\t\t<a href='https:\/\/planmur.com.br\/wp-content\/uploads\/2018\/07\/JUNDIAI_002.jpg' title=\"\" data-rl_title=\"\" class=\"rl-gallery-link\" data-rl_caption=\"\" data-rel=\"lightbox-gallery-4\"><img loading=\"lazy\" decoding=\"async\" width=\"300\" height=\"201\" src=\"https:\/\/planmur.com.br\/wp-content\/uploads\/2018\/07\/JUNDIAI_002-300x201.jpg\" class=\"attachment-medium size-medium\" alt=\"\" srcset=\"https:\/\/planmur.com.br\/wp-content\/uploads\/2018\/07\/JUNDIAI_002-300x201.jpg 300w, https:\/\/planmur.com.br\/wp-content\/uploads\/2018\/07\/JUNDIAI_002-272x182.jpg 272w, https:\/\/planmur.com.br\/wp-content\/uploads\/2018\/07\/JUNDIAI_002.jpg 700w\" sizes=\"auto, (max-width: 300px) 100vw, 300px\" \/><\/a>\n\t\t\t<\/div><\/figure>\n\t\t<\/div>\n<\/p>\n<p style=\"text-align: justify;\"><span style=\"font-size: 14px; font-family: helvetica, arial, sans-serif;\"><strong>Descri\u00e7\u00e3o<\/strong>: Relat\u00f3rio de Impacto de Tr\u00e1fego (RIT) para aprova\u00e7\u00e3o empreendimento residencial em Jundia\u00ed\/ SP dividido em tr\u00eas lotes com 07 torres e 980 unidades Habitacionais.<\/span><\/p>\n<p><span style=\"font-size: 14px; font-family: helvetica, arial, sans-serif;\"><strong>Localiza\u00e7\u00e3o:<\/strong> R. Jo\u00e3o Tonini, S\/N<\/span><\/p>\n<p><span style=\"font-size: 14px; font-family: helvetica, arial, sans-serif;\"><strong>Contratante:<\/strong> Yuni Incorporadora<\/span><\/p>\n<p><span style=\"font-size: 14px; font-family: helvetica, arial, sans-serif;\"><strong>Elabora\u00e7\u00e3o:<\/strong> Outubro\/ 2011<\/span><\/p>\n<p><span style=\"font-size: 14px; font-family: helvetica, arial, sans-serif;\"><strong>Aprova\u00e7\u00e3o:<\/strong> Dezembro\/ 2012<\/span><\/p>\n<p><span style=\"font-size: 14px; font-family: helvetica, arial, sans-serif;\"><strong>ART :<\/strong> 92221220111220052<\/span><\/p>\n<p><span style=\"font-size: 14px; font-family: helvetica, arial, sans-serif;\"><strong>C\u00f3d Planmur:<\/strong> 2011-123<\/span><\/p>\n<p>&nbsp;<\/p>\n<p><strong><span style=\"font-family: helvetica, arial, sans-serif;\">005 RIT Empreendimento Residencial em Jundia\u00ed<\/span><\/strong><\/p>\n<p><div id='gallery-5' class='gallery galleryid-483 gallery-columns-2 gallery-size-medium'><figure class='gallery-item'>\n\t\t\t<div class='gallery-icon landscape'>\n\t\t\t\t<a href='https:\/\/planmur.com.br\/wp-content\/uploads\/2018\/07\/JUNDIAI_003.jpg' title=\"\" data-rl_title=\"\" class=\"rl-gallery-link\" data-rl_caption=\"\" data-rel=\"lightbox-gallery-5\"><img loading=\"lazy\" decoding=\"async\" width=\"300\" height=\"201\" src=\"https:\/\/planmur.com.br\/wp-content\/uploads\/2018\/07\/JUNDIAI_003-300x201.jpg\" class=\"attachment-medium size-medium\" alt=\"\" srcset=\"https:\/\/planmur.com.br\/wp-content\/uploads\/2018\/07\/JUNDIAI_003-300x201.jpg 300w, https:\/\/planmur.com.br\/wp-content\/uploads\/2018\/07\/JUNDIAI_003-272x182.jpg 272w, https:\/\/planmur.com.br\/wp-content\/uploads\/2018\/07\/JUNDIAI_003.jpg 700w\" sizes=\"auto, (max-width: 300px) 100vw, 300px\" \/><\/a>\n\t\t\t<\/div><\/figure><figure class='gallery-item'>\n\t\t\t<div class='gallery-icon landscape'>\n\t\t\t\t<a href='https:\/\/planmur.com.br\/wp-content\/uploads\/2018\/07\/JUNDIAI_004.jpg' title=\"\" data-rl_title=\"\" class=\"rl-gallery-link\" data-rl_caption=\"\" data-rel=\"lightbox-gallery-5\"><img loading=\"lazy\" decoding=\"async\" width=\"300\" height=\"201\" src=\"https:\/\/planmur.com.br\/wp-content\/uploads\/2018\/07\/JUNDIAI_004-300x201.jpg\" class=\"attachment-medium size-medium\" alt=\"\" srcset=\"https:\/\/planmur.com.br\/wp-content\/uploads\/2018\/07\/JUNDIAI_004-300x201.jpg 300w, https:\/\/planmur.com.br\/wp-content\/uploads\/2018\/07\/JUNDIAI_004-272x182.jpg 272w, https:\/\/planmur.com.br\/wp-content\/uploads\/2018\/07\/JUNDIAI_004.jpg 700w\" sizes=\"auto, (max-width: 300px) 100vw, 300px\" \/><\/a>\n\t\t\t<\/div><\/figure>\n\t\t<\/div>\n<\/p>\n<p style=\"text-align: justify;\"><span style=\"font-family: helvetica, arial, sans-serif; font-size: 14px;\"><strong>Descri\u00e7\u00e3o<\/strong>: Relat\u00f3rio de Impacto de Tr\u00e1fego (RIT) para aprova\u00e7\u00e3o empreendimento residencial em Jundia\u00ed\/ SP com 1.364 unidades, distribu\u00eddas em 11 torres, cujo pavimento tipo \u00e9 composto por 08 unidades habitacionais (UH) de tr\u00eas tipos.<\/span><\/p>\n<p style=\"text-align: justify;\"><span style=\"font-family: helvetica, arial, sans-serif; font-size: 14px;\"><strong>Localiza\u00e7\u00e3o:<\/strong> Av. Ant\u00f4nio Frederico Ozanam<\/span><\/p>\n<p style=\"text-align: justify;\"><span style=\"font-family: helvetica, arial, sans-serif; font-size: 14px;\"><strong>Contratante<\/strong>: LIVING PANAMA EMPREENDIMENTOS IMOBILIARIOS LTDA<\/span><\/p>\n<p style=\"text-align: justify;\"><span style=\"font-family: helvetica, arial, sans-serif; font-size: 14px;\"><strong>Elabora\u00e7\u00e3o:<\/strong> Outubro\/ 2011<\/span><\/p>\n<p style=\"text-align: justify;\"><span style=\"font-family: helvetica, arial, sans-serif; font-size: 14px;\"><strong>Aprova\u00e7\u00e3o:<\/strong> Dezembro\/ 2012<\/span><\/p>\n<p style=\"text-align: justify;\"><span style=\"font-family: helvetica, arial, sans-serif; font-size: 14px;\"><strong>ART :<\/strong> 92221220111220052<\/span><\/p>\n<p style=\"text-align: justify;\"><span style=\"font-family: helvetica, arial, sans-serif; font-size: 14px;\"><strong>C\u00f3d Planmur:<\/strong> 2011-125<\/span><\/p>\n<p>&nbsp;<\/p>\n<p>&nbsp;<\/p>\n<\/div><\/div><\/div><div id=\"pgc-483-0-2\"  class=\"panel-grid-cell panel-grid-cell-empty\" ><\/div><\/div><\/div>","protected":false},"excerpt":{"rendered":"<p>001 RIT Comercial Aruj\u00e1 Descri\u00e7\u00e3o: Relat\u00f3rio de Impacto de Tr\u00e1fego (RIT) para aprova\u00e7\u00e3o de supermercado em Aruj\u00e1\/ SP. Localiza\u00e7\u00e3o: R. Ademar de Barros, 188 Contratante: Sonda Supermercados Elabora\u00e7\u00e3o: Setembro\/ 2010 Aprova\u00e7\u00e3o: Mar\u00e7o\/ 2011 ART : 92221220102250228 &nbsp; 002 RIT para<\/p>\n","protected":false},"author":1,"featured_media":0,"parent":0,"menu_order":120,"comment_status":"closed","ping_status":"closed","template":"","meta":{"footnotes":""},"class_list":["post-483","page","type-page","status-publish","hentry"],"_links":{"self":[{"href":"https:\/\/planmur.com.br\/index.php?rest_route=\/wp\/v2\/pages\/483","targetHints":{"allow":["GET"]}}],"collection":[{"href":"https:\/\/planmur.com.br\/index.php?rest_route=\/wp\/v2\/pages"}],"about":[{"href":"https:\/\/planmur.com.br\/index.php?rest_route=\/wp\/v2\/types\/page"}],"author":[{"embeddable":true,"href":"https:\/\/planmur.com.br\/index.php?rest_route=\/wp\/v2\/users\/1"}],"replies":[{"embeddable":true,"href":"https:\/\/planmur.com.br\/index.php?rest_route=%2Fwp%2Fv2%2Fcomments&post=483"}],"version-history":[{"count":36,"href":"https:\/\/planmur.com.br\/index.php?rest_route=\/wp\/v2\/pages\/483\/revisions"}],"predecessor-version":[{"id":595,"href":"https:\/\/planmur.com.br\/index.php?rest_route=\/wp\/v2\/pages\/483\/revisions\/595"}],"wp:attachment":[{"href":"https:\/\/planmur.com.br\/index.php?rest_route=%2Fwp%2Fv2%2Fmedia&parent=483"}],"curies":[{"name":"wp","href":"https:\/\/api.w.org\/{rel}","templated":true}]}}