{"id":44,"date":"2018-04-25T15:38:19","date_gmt":"2018-04-25T18:38:19","guid":{"rendered":"http:\/\/planmur.com.br\/?page_id=44"},"modified":"2020-08-10T16:34:48","modified_gmt":"2020-08-10T19:34:48","slug":"home-2","status":"publish","type":"page","link":"https:\/\/planmur.com.br\/","title":{"rendered":"Home"},"content":{"rendered":"<div id=\"pl-44\"  class=\"panel-layout\" ><div id=\"pg-44-0\"  class=\"panel-grid panel-no-style\" ><div id=\"pgc-44-0-0\"  class=\"panel-grid-cell panel-grid-cell-empty\" ><\/div><div id=\"pgc-44-0-1\"  class=\"panel-grid-cell panel-grid-cell-mobile-last\" ><div id=\"panel-44-0-1-0\" class=\"so-panel widget widget_black-studio-tinymce widget_black_studio_tinymce panel-first-child panel-last-child\" data-index=\"0\" ><div class=\"textwidget\"><p>&nbsp;<\/p>\n<p><span style=\"font-family: helvetica, arial, sans-serif; font-size: 20px; color: #333333;\"><img loading=\"lazy\" decoding=\"async\" class=\"alignnone size-full wp-image-210\" src=\"http:\/\/planmur.com.br\/wp-content\/uploads\/2018\/04\/TIT_HOME.jpg\" alt=\"\" width=\"973\" height=\"38\" srcset=\"https:\/\/planmur.com.br\/wp-content\/uploads\/2018\/04\/TIT_HOME.jpg 973w, https:\/\/planmur.com.br\/wp-content\/uploads\/2018\/04\/TIT_HOME-300x12.jpg 300w, https:\/\/planmur.com.br\/wp-content\/uploads\/2018\/04\/TIT_HOME-768x30.jpg 768w\" sizes=\"auto, (max-width: 973px) 100vw, 973px\" \/><\/span><\/p>\n<p style=\"text-align: justify;\"><span style=\"font-family: helvetica, arial, sans-serif; font-size: 16px;\">A <strong>Planmur-Planejamento, Mobilidade e Urbanismo LTDA<\/strong> se destaca, desde 2011, pela sua atua\u00e7\u00e3o nas \u00e1reas de planejamento urbano e regional e mobilidade urbana.<\/span><\/p>\n<p style=\"text-align: justify;\"><span style=\"font-family: helvetica, arial, sans-serif; font-size: 16px;\">Nesse sentido centra suas atividades na elabora\u00e7\u00e3o e no desenvolvimento de Planos Diretores ou Regionais e Legisla\u00e7\u00e3o Urban\u00edstica, Planos de Mobilidade Urbana, Planos Vi\u00e1rios e Ciclovi\u00e1rios. Tamb\u00e9m atua, junto a empresas privadas na produ\u00e7\u00e3o de Relat\u00f3rios de Impactos de Tr\u00e2nsito (RITs) e Estudos de Impacto de Vizinhan\u00e7a (EIVs).<\/span><\/p>\n<p style=\"text-align: justify;\"><span style=\"font-family: helvetica, arial, sans-serif; font-size: 16px;\">Seu foco se justifica por entendermos ser vital no desenvolvimento das cidades uma estreita e indissoci\u00e1vel rela\u00e7\u00e3o entre as pol\u00edticas de mobilidade e de uso, parcelamento e controle urbano.<\/span><\/p>\n<p style=\"text-align: justify;\"><span style=\"font-size: 16px;\"><span style=\"font-family: helvetica, arial, sans-serif;\">Ademais, em conson\u00e2ncia com o exigido pela legisla\u00e7\u00e3o federal, buscamos sob um vi\u00e9s progressista em nossa produ\u00e7\u00e3o, a garantia da fun\u00e7\u00e3o social da cidade e da propriedade, a prioriza\u00e7\u00e3o do transporte p\u00fablico sobre o individual e dos meios n\u00e3o motorizados sobre os motorizados.<\/span><span style=\"font-family: helvetica, arial, sans-serif;\">\u00a0<\/span><\/span><\/p>\n<p>&nbsp;<\/p>\n<p>&nbsp;<\/p>\n<p style=\"text-align: justify;\"><span style=\"font-family: helvetica, arial, sans-serif; font-size: 20px;\"><img loading=\"lazy\" decoding=\"async\" class=\"size-full wp-image-159 aligncenter\" src=\"http:\/\/planmur.com.br\/wp-content\/uploads\/2018\/04\/TIT_COLABORADORES.jpg\" alt=\"\" width=\"971\" height=\"31\" srcset=\"https:\/\/planmur.com.br\/wp-content\/uploads\/2018\/04\/TIT_COLABORADORES.jpg 971w, https:\/\/planmur.com.br\/wp-content\/uploads\/2018\/04\/TIT_COLABORADORES-300x10.jpg 300w, https:\/\/planmur.com.br\/wp-content\/uploads\/2018\/04\/TIT_COLABORADORES-768x25.jpg 768w\" sizes=\"auto, (max-width: 971px) 100vw, 971px\" \/><\/span><\/p>\n<\/div><\/div><\/div><div id=\"pgc-44-0-2\"  class=\"panel-grid-cell panel-grid-cell-empty\" ><\/div><\/div><div id=\"pg-44-1\"  class=\"panel-grid panel-no-style\" ><div id=\"pgc-44-1-0\"  class=\"panel-grid-cell panel-grid-cell-empty\" ><\/div><div id=\"pgc-44-1-1\"  class=\"panel-grid-cell\" ><div id=\"panel-44-1-1-0\" class=\"so-panel widget widget_sow-editor panel-first-child panel-last-child\" data-index=\"1\" ><div\n\t\t\t\n\t\t\tclass=\"so-widget-sow-editor so-widget-sow-editor-base\"\n\t\t\t\n\t\t>\n<div class=\"siteorigin-widget-tinymce textwidget\">\n\t<p><img loading=\"lazy\" decoding=\"async\" class=\"size-full wp-image-193 aligncenter\" src=\"http:\/\/planmur.com.br\/wp-content\/uploads\/2018\/04\/FOTO_GERALDO.png\" alt=\"\" width=\"429\" height=\"268\" srcset=\"https:\/\/planmur.com.br\/wp-content\/uploads\/2018\/04\/FOTO_GERALDO.png 429w, https:\/\/planmur.com.br\/wp-content\/uploads\/2018\/04\/FOTO_GERALDO-300x187.png 300w\" sizes=\"auto, (max-width: 429px) 100vw, 429px\" \/><\/p>\n<p style=\"text-align: center;\"><strong><span style=\"font-family: helvetica, arial, sans-serif; font-size: 14px;\">Geraldo Jos\u00e9 Calmon de Moura<\/span><\/strong><\/p>\n<p style=\"text-align: center;\"><span style=\"font-size: 12px;\"><span style=\"font-family: helvetica, arial, sans-serif;\">geraldo.moura@planmur.com.br<\/span><\/span><\/p>\n<p style=\"text-align: justify;\"><span style=\"font-family: helvetica, arial, sans-serif; font-size: 12px;\">Possui gradua\u00e7\u00e3o em Arquitetura e Urbanismo pela Pontif\u00edcia Universidade Cat\u00f3lica de Campinas (1998), gradua\u00e7\u00e3o em Ci\u00eancias Sociais pela Universidade Estadual de Campinas (2002), mestrado em Geografia pela Universidade Estadual de Campinas (2005) e Doutorado em Planejamento Urbano e Regional pela Universidade de S\u00e3o Paulo (2016). Foi Diretor de Planejamento e Projetos em Guarulhos (2004-2008), Secret\u00e1rio Adjunto de Transportes e Vias P\u00fablicas em S\u00e3o Bernardo do Campo (2009-2010), onde coordenou o Programa de Transporte Urbano com financiamento do Banco Interamericano de Desenvolvimento (BID) e Gerente de Projetos na TTC Engenharia (2011). Atualmente \u00e9 s\u00f3cio propriet\u00e1rio da Planmur - Planejamento. Mobilidade e Urbanismo, integra a diretoria do Ruaviva - Instituto da Mobilidade Sustent\u00e1vel e \u00e9 Professor de Urbanismo da Universidade Anhembi-Morumbi.<\/span><\/p>\n<\/div>\n<\/div><\/div><\/div><div id=\"pgc-44-1-2\"  class=\"panel-grid-cell panel-grid-cell-mobile-last\" ><div id=\"panel-44-1-2-0\" class=\"so-panel widget widget_sow-editor panel-first-child panel-last-child\" data-index=\"2\" ><div\n\t\t\t\n\t\t\tclass=\"so-widget-sow-editor so-widget-sow-editor-base\"\n\t\t\t\n\t\t>\n<div class=\"siteorigin-widget-tinymce textwidget\">\n\t<p><img loading=\"lazy\" decoding=\"async\" class=\"size-full wp-image-724 aligncenter\" src=\"http:\/\/planmur.com.br\/wp-content\/uploads\/2018\/08\/FOTO_GUILHERME.png\" alt=\"\" width=\"429\" height=\"268\" srcset=\"https:\/\/planmur.com.br\/wp-content\/uploads\/2018\/08\/FOTO_GUILHERME.png 429w, https:\/\/planmur.com.br\/wp-content\/uploads\/2018\/08\/FOTO_GUILHERME-300x187.png 300w\" sizes=\"auto, (max-width: 429px) 100vw, 429px\" \/><\/p>\n<p style=\"text-align: center;\"><strong><span style=\"font-family: helvetica, arial, sans-serif; font-size: 14px;\">Guilherme Vieira<br \/>\n<\/span><\/strong><\/p>\n<p style=\"text-align: center;\"><span style=\"font-family: helvetica, arial, sans-serif; font-size: 12px;\">guilherme.vieira@planmur.com.br<\/span><\/p>\n<p style=\"text-align: justify;\"><span style=\"font-family: helvetica, arial, sans-serif; font-size: 12px;\">Arquiteto Urbanista e Turism\u00f3logo, atuando na \u00e1rea de Planejamento Urbano e Regional. Mestrando em Geografia na Universit\u00e9 Paris Sourbonne Nord, com uma pesquisa sobre o Planejamento Urbano Estrat\u00e9gico e sua rela\u00e7\u00e3o com os megaeventos esportivos e interven\u00e7\u00f5es urbanas.<br \/>\nProdutor de eventos na Funda\u00e7\u00e3o OSESP \u2013 Orquestra Sinf\u00f4nica do Estado de S\u00e3o Paulo, de 2010 a 2016.<br \/>\nDesde 2018, em parceria com a empresa PLANMUR - Planejamento, Mobilidade e Urbanismo.<\/span><\/p>\n<\/div>\n<\/div><\/div><\/div><div id=\"pgc-44-1-3\"  class=\"panel-grid-cell panel-grid-cell-empty\" ><\/div><\/div><div id=\"pg-44-2\"  class=\"panel-grid panel-no-style\" ><div id=\"pgc-44-2-0\"  class=\"panel-grid-cell panel-grid-cell-empty\" ><\/div><div id=\"pgc-44-2-1\"  class=\"panel-grid-cell\" ><div id=\"panel-44-2-1-0\" class=\"so-panel widget widget_sow-editor panel-first-child panel-last-child\" data-index=\"3\" ><div\n\t\t\t\n\t\t\tclass=\"so-widget-sow-editor so-widget-sow-editor-base\"\n\t\t\t\n\t\t>\n<div class=\"siteorigin-widget-tinymce textwidget\">\n\t<p><img loading=\"lazy\" decoding=\"async\" class=\"size-full wp-image-725 aligncenter\" src=\"http:\/\/planmur.com.br\/wp-content\/uploads\/2018\/08\/FOTO_PAULA.png\" alt=\"\" width=\"429\" height=\"268\" srcset=\"https:\/\/planmur.com.br\/wp-content\/uploads\/2018\/08\/FOTO_PAULA.png 429w, https:\/\/planmur.com.br\/wp-content\/uploads\/2018\/08\/FOTO_PAULA-300x187.png 300w\" sizes=\"auto, (max-width: 429px) 100vw, 429px\" \/><\/p>\n<p style=\"text-align: center;\"><strong><span style=\"font-family: helvetica, arial, sans-serif; font-size: 14px;\">Paula Benachio<br \/>\n<\/span><\/strong><\/p>\n<p style=\"text-align: center;\"><span style=\"font-family: helvetica, arial, sans-serif; font-size: 12px;\">paula.benachio@planmur.com.br<\/span><\/p>\n<p style=\"text-align: justify;\"><span style=\"font-family: helvetica, arial, sans-serif; font-size: 12px;\">Estudante de Arquitetura e Urbanismo, cursando o quinto ano letivo, pela institui\u00e7\u00e3o de ensino Universidade Anhembi Morumbi, com qualifica\u00e7\u00e3o em representa\u00e7\u00e3o gr\u00e1fica arquitet\u00f4nica pelo curso CURA do Est\u00fadio M\u00f3dulo Arquitetura.<\/span><\/p>\n<\/div>\n<\/div><\/div><\/div><div id=\"pgc-44-2-2\"  class=\"panel-grid-cell panel-grid-cell-empty panel-grid-cell-mobile-last\" ><\/div><div id=\"pgc-44-2-3\"  class=\"panel-grid-cell panel-grid-cell-empty\" ><\/div><\/div><div id=\"pg-44-3\"  class=\"panel-grid panel-no-style\" ><div id=\"pgc-44-3-0\"  class=\"panel-grid-cell panel-grid-cell-empty\" ><\/div><div id=\"pgc-44-3-1\"  class=\"panel-grid-cell panel-grid-cell-empty\" ><\/div><div id=\"pgc-44-3-2\"  class=\"panel-grid-cell panel-grid-cell-empty panel-grid-cell-mobile-last\" ><\/div><div id=\"pgc-44-3-3\"  class=\"panel-grid-cell panel-grid-cell-empty\" ><\/div><\/div><div id=\"pg-44-4\"  class=\"panel-grid panel-no-style\" ><div id=\"pgc-44-4-0\"  class=\"panel-grid-cell panel-grid-cell-empty\" ><\/div><div id=\"pgc-44-4-1\"  class=\"panel-grid-cell panel-grid-cell-mobile-last\" ><div id=\"panel-44-4-1-0\" class=\"so-panel widget widget_black-studio-tinymce widget_black_studio_tinymce panel-first-child panel-last-child\" data-index=\"4\" ><div class=\"textwidget\"><p style=\"text-align: center;\"><span style=\"font-size: 16px;\"><strong><span style=\"font-family: helvetica, arial, sans-serif;\">Clique nos links abaixo para conhecer nossas \u00c1reas de Atua\u00e7\u00e3o<\/span><\/strong><\/span><\/p>\n<p>&nbsp;<\/p>\n<p><a href=\"http:\/\/planmur.com.br\/?page_id=79\" target=\"_blank\" rel=\"noopener\"><img loading=\"lazy\" decoding=\"async\" class=\"aligncenter wp-image-392 size-full\" src=\"http:\/\/planmur.com.br\/wp-content\/uploads\/2018\/07\/AA-TIT_01_AZUL.jpg\" alt=\"\" width=\"783\" height=\"32\" \/><\/a><\/p>\n<p><a href=\"http:\/\/planmur.com.br\/?page_id=81\" target=\"_blank\" rel=\"noopener\"><img loading=\"lazy\" decoding=\"async\" class=\"aligncenter wp-image-396 size-full\" src=\"http:\/\/planmur.com.br\/wp-content\/uploads\/2018\/07\/AA-TIT_02_AZUL.jpg\" alt=\"\" width=\"783\" height=\"32\" \/><\/a><\/p>\n<p><a href=\"http:\/\/planmur.com.br\/?page_id=83\" target=\"_blank\" rel=\"noopener\"><img loading=\"lazy\" decoding=\"async\" class=\"aligncenter wp-image-403 size-full\" src=\"http:\/\/planmur.com.br\/wp-content\/uploads\/2018\/07\/AA-TIT_03_AZUL.jpg\" alt=\"\" width=\"783\" height=\"32\" \/><\/a><\/p>\n<p><a href=\"http:\/\/planmur.com.br\/?page_id=85\" target=\"_blank\" rel=\"noopener\"><img loading=\"lazy\" decoding=\"async\" class=\"aligncenter wp-image-404 size-full\" src=\"http:\/\/planmur.com.br\/wp-content\/uploads\/2018\/07\/AA-TIT_04_AZUL.jpg\" alt=\"\" width=\"783\" height=\"32\" \/><\/a><\/p>\n<p><a href=\"http:\/\/planmur.com.br\/?page_id=87\" target=\"_blank\" rel=\"noopener\"><img loading=\"lazy\" decoding=\"async\" class=\"aligncenter wp-image-405 size-full\" src=\"http:\/\/planmur.com.br\/wp-content\/uploads\/2018\/07\/AA-TIT_05_AZUL.jpg\" alt=\"\" width=\"783\" height=\"32\" \/><\/a><\/p>\n<p>&nbsp;<\/p>\n<p>&nbsp;<\/p>\n<\/div><\/div><\/div><div id=\"pgc-44-4-2\"  class=\"panel-grid-cell panel-grid-cell-empty\" ><\/div><\/div><\/div>","protected":false},"excerpt":{"rendered":"<p>&nbsp; A Planmur-Planejamento, Mobilidade e Urbanismo LTDA se destaca, desde 2011, pela sua atua\u00e7\u00e3o nas \u00e1reas de planejamento urbano e regional e mobilidade urbana. Nesse sentido centra suas atividades na elabora\u00e7\u00e3o e no desenvolvimento de Planos Diretores ou Regionais e<\/p>\n","protected":false},"author":1,"featured_media":0,"parent":0,"menu_order":10,"comment_status":"closed","ping_status":"closed","template":"","meta":{"footnotes":""},"class_list":["post-44","page","type-page","status-publish","hentry"],"_links":{"self":[{"href":"https:\/\/planmur.com.br\/index.php?rest_route=\/wp\/v2\/pages\/44","targetHints":{"allow":["GET"]}}],"collection":[{"href":"https:\/\/planmur.com.br\/index.php?rest_route=\/wp\/v2\/pages"}],"about":[{"href":"https:\/\/planmur.com.br\/index.php?rest_route=\/wp\/v2\/types\/page"}],"author":[{"embeddable":true,"href":"https:\/\/planmur.com.br\/index.php?rest_route=\/wp\/v2\/users\/1"}],"replies":[{"embeddable":true,"href":"https:\/\/planmur.com.br\/index.php?rest_route=%2Fwp%2Fv2%2Fcomments&post=44"}],"version-history":[{"count":126,"href":"https:\/\/planmur.com.br\/index.php?rest_route=\/wp\/v2\/pages\/44\/revisions"}],"predecessor-version":[{"id":1012,"href":"https:\/\/planmur.com.br\/index.php?rest_route=\/wp\/v2\/pages\/44\/revisions\/1012"}],"wp:attachment":[{"href":"https:\/\/planmur.com.br\/index.php?rest_route=%2Fwp%2Fv2%2Fmedia&parent=44"}],"curies":[{"name":"wp","href":"https:\/\/api.w.org\/{rel}","templated":true}]}}